{"id":676,"date":"2017-03-29T13:38:54","date_gmt":"2017-03-29T13:38:54","guid":{"rendered":"http:\/\/kardoszsuzsa.hu\/hattercontroll\/?page_id=676"},"modified":"2017-05-29T13:39:24","modified_gmt":"2017-05-29T13:39:24","slug":"szolgaltatasaink","status":"publish","type":"page","link":"https:\/\/hattercontroll.hu\/de\/szolgaltatasaink\/","title":{"rendered":"Szolg\u00e1ltat\u00e1saink"},"content":{"rendered":"[vc_row css_animation=&#8220;none&#8220; css=&#8220;.vc_custom_1479981037098{margin-top: -45px !important;margin-bottom: 35px !important;}&#8220;][vc_column css_animation=&#8220;none&#8220;]\n\t\t\t\t<section class=\"services-style-1\">\n\t\t\t\t  <div class=\"container\">\n\t\t\t\t\t<div class=\"heading-style-1\">\n\t\t\t\t\t  <h2>\nEzt ny\u00fajtjuk <b>\u00d6nnek<\/b>\n<\/h2>\n\t\t\t\t\t<\/div>\n\t\t\t\t\t<h3>A hat\u00f3s\u00e1gi enged\u00e9lyez\u00e9si elj\u00e1r\u00e1sok gyors\u00edt\u00e1sa, pontos, rugalmas, \u00fcgyint\u00e9z\u00e9s, a beruh\u00e1z\u00f3i vagy kivitelez\u0151i oldal t\u00e1mogat\u00e1sa, a mindenkori t\u00f6rv\u00e9nyek \u00e9s el\u0151\u00edr\u00e1sok k\u00f6vet\u00e9s\u00e9nek figyelembev\u00e9tel\u00e9vel. Az \u00e1tad\u00e1s-\u00e1tv\u00e9teli hat\u00e1rid\u0151 betarthat\u00f3s\u00e1g\u00e1nak seg\u00edt\u00e9se a m\u0171szaki \u00fctemez\u00e9s egyeztet\u00e9s\u00e9vel, az optim\u00e1lis hat\u00f3s\u00e1gi megkeres\u00e9sek id\u0151pontj\u00e1nak meghat\u00e1roz\u00e1s\u00e1val.<\/h3>\n\t\t\t\t\t<div class=\"text-holder\">\n\t\t\t\t\t  <p><em><\/em><\/p>\n\t\t\t\t\t<\/div>\n\t\t\t\t\t<div class=\"row\">\n\t\t\t\t\t\t\t\t\n\t\t\t\t\t\t\t\t\t<div class=\"col-md-4 col-sm-6\">\n\t\t\t\t\t\t\t\t\t\t<div class=\"services-style-1-box\"> <span class=\"number\">09<\/span>\n\t\t\t\t\t\t\t\t\t\t  <div class=\"icon-box\"><span class=\"icon-icon-1\"><\/span><\/div>\n\t\t\t\t\t\t\t\t\t\t  <h3>A teljes \u00e9p\u00edt\u00e9si dokument\u00e1ci\u00f3 \u00f6ssze\u00e1ll\u00edt\u00e1sa<\/h3>\n\t\t\t\t\t\t\t\t\t\t  <p>Tervlapok, \u00e9p\u00edt\u00e9szeti, g\u00e9p\u00e9szeti, tart\u00f3szerkezeti m\u0171szaki le\u00edr\u00e1s, \u00e9p\u00fcletvillamoss\u00e1g, technol\u00f3giai le\u00edr\u00e1s, bels\u0151\u00e9p\u00edt\u00e9szeti le\u00edr\u00e1s, stb., Igazol\u00e1sok, szak\u00e9rt\u0151i v\u00e9lem\u00e9nyek, f\u00fcstelvezet\u00e9s, t\u0171zv\u00e9delem, stb., Haszn\u00e1latbav\u00e9teli enged\u00e9lyez\u00e9si dokument\u00e1ci\u00f3, stb.<\/p>\n\t\t\t\t\t\t\t\t\t\t<\/div>\n\t\t\t\t\t\t\t\t\t<\/div>\n\t\t\t\t\t\t\t\t\n\t\t\t\t\t\t\t\t\t<div class=\"col-md-4 col-sm-6\">\n\t\t\t\t\t\t\t\t\t\t<div class=\"services-style-1-box\"> <span class=\"number\">10<\/span>\n\t\t\t\t\t\t\t\t\t\t  <div class=\"icon-box\"><span class=\"icon-icon-2\"><\/span><\/div>\n\t\t\t\t\t\t\t\t\t\t  <h3>A tervez\u00e9si \u00e1gak munk\u00e1inak \u00f6sszehangol\u00e1sa, ellen\u0151rz\u00e9s<\/h3>\n\t\t\t\t\t\t\t\t\t\t  <p>Alv\u00e1llalkoz\u00f3i, szakhat\u00f3s\u00e1gi, \u00f6nkorm\u00e1nyzati egyezet\u00e9s, alv\u00e1llalkoz\u00f3k felkeres\u00e9se, aj\u00e1nlatbek\u00e9r\u00e9s, szerz\u0151d\u00e9sk\u00f6t\u00e9s bonyol\u00edt\u00e1sa, kivitelez\u00e9si munk\u00e1k versenyeztet\u00e9se, ellen\u0151rz\u00e9se, p\u00e9nz\u00fcgyi elsz\u00e1mol\u00e1s, terv-t\u00e9ny \u00f6sszehasonl\u00edt\u00e1s, elemz\u00e9s<\/p>\n\t\t\t\t\t\t\t\t\t\t<\/div>\n\t\t\t\t\t\t\t\t\t<\/div>\n\t\t\t\t\t\t\t\t\n\t\t\t\t\t\t\t\t\t<div class=\"col-md-4 col-sm-6\">\n\t\t\t\t\t\t\t\t\t\t<div class=\"services-style-1-box\"> <span class=\"number\">11<\/span>\n\t\t\t\t\t\t\t\t\t\t  <div class=\"icon-box\"><span class=\"icon-icon-6\"><\/span><\/div>\n\t\t\t\t\t\t\t\t\t\t  <h3>Hat\u00f3s\u00e1gi enged\u00e9lyeztet\u00e9s<\/h3>\n\t\t\t\t\t\t\t\t\t\t  <p>Az \u00e9p\u00edt\u00e9si szak\u00e1gak sz\u00e1m\u00e1ra sz\u00fcks\u00e9ges enged\u00e9lyek beszerz\u00e9se, \u00fcgyirat ind\u00edt\u00e1sa, \u00fcgymenet gyors\u00edt\u00e1sa, hi\u00e1nyp\u00f3tl\u00e1sok kik\u00fcsz\u00f6b\u00f6l\u00e9se, a projekt f\u00f6ldrajzi hely\u00e9b\u0151l \u00e9s jelleg\u00e9b\u0151l k\u00f6vetkez\u0151en sz\u00fcks\u00e9ges hat\u00f3s\u00e1gokkal val\u00f3 kapcsolattart\u00e1s, dokument\u00e1ci\u00f3-beny\u00fajt\u00e1s, hi\u00e1nyp\u00f3tl\u00e1s, eseti t\u00e1rgyal\u00e1s, a megrendel\u0151 szem\u00e9lyes k\u00e9pviselete hat\u00f3s\u00e1gn\u00e1l, \u00f6nkorm\u00e1nyzatn\u00e1l, lej\u00e1r\u00f3 enged\u00e9lyek meg\u00faj\u00edt\u00e1sa, \u00e1ttervez\u00e9s eset\u00e9n \u00faj szemle \u00e9s enged\u00e9ly k\u00e9r\u00e9se<\/p>\n\t\t\t\t\t\t\t\t\t\t<\/div>\n\t\t\t\t\t\t\t\t\t<\/div>\n\t\t\t\t\t\t\t\t\n\t\t\t\t\t\t\t\t\t<div class=\"col-md-4 col-sm-6\">\n\t\t\t\t\t\t\t\t\t\t<div class=\"services-style-1-box\"> <span class=\"number\">12<\/span>\n\t\t\t\t\t\t\t\t\t\t  <div class=\"icon-box\"><span class=\"icon-icon-5\"><\/span><\/div>\n\t\t\t\t\t\t\t\t\t\t  <h3>M\u0171szaki feladatok intelligens folyamat-menedzsmentje<\/h3>\n\t\t\t\t\t\t\t\t\t\t  <p>\u00c9p\u00edt\u00e9si napl\u00f3 vezet\u00e9se, a teljes kivitelez\u00e9si folyamat m\u0171szaki szeml\u00e9let\u0171 v\u00e9gigk\u00eds\u00e9r\u00e9se, teljes\u00edt\u00e9s-ellen\u0151rz\u00e9s<\/p>\n\t\t\t\t\t\t\t\t\t\t<\/div>\n\t\t\t\t\t\t\t\t\t<\/div>\n\t\t\t\t\t\n\t\t\t\t\t<\/div>\n\t\t\t\t   <\/div>\n\t\t\t\t<\/section>[\/vc_column][\/vc_row]","protected":false},"excerpt":{"rendered":"<p>[vc_row css_animation=&#8220;none&#8220; css=&#8220;.vc_custom_1479981037098{margin-top: -45px !important;margin-bottom: 35px !important;}&#8220;][vc_column css_animation=&#8220;none&#8220;][\/vc_column][\/vc_row]<\/p>\n","protected":false},"author":1,"featured_media":0,"parent":0,"menu_order":0,"comment_status":"closed","ping_status":"closed","template":"","meta":[],"_links":{"self":[{"href":"https:\/\/hattercontroll.hu\/de\/wp-json\/wp\/v2\/pages\/676"}],"collection":[{"href":"https:\/\/hattercontroll.hu\/de\/wp-json\/wp\/v2\/pages"}],"about":[{"href":"https:\/\/hattercontroll.hu\/de\/wp-json\/wp\/v2\/types\/page"}],"author":[{"embeddable":true,"href":"https:\/\/hattercontroll.hu\/de\/wp-json\/wp\/v2\/users\/1"}],"replies":[{"embeddable":true,"href":"https:\/\/hattercontroll.hu\/de\/wp-json\/wp\/v2\/comments?post=676"}],"version-history":[{"count":8,"href":"https:\/\/hattercontroll.hu\/de\/wp-json\/wp\/v2\/pages\/676\/revisions"}],"predecessor-version":[{"id":863,"href":"https:\/\/hattercontroll.hu\/de\/wp-json\/wp\/v2\/pages\/676\/revisions\/863"}],"wp:attachment":[{"href":"https:\/\/hattercontroll.hu\/de\/wp-json\/wp\/v2\/media?parent=676"}],"curies":[{"name":"wp","href":"https:\/\/api.w.org\/{rel}","templated":true}]}}