{"id":683,"date":"2017-03-29T14:03:51","date_gmt":"2017-03-29T14:03:51","guid":{"rendered":"http:\/\/kardoszsuzsa.hu\/hattercontroll\/?page_id=683"},"modified":"2017-05-29T13:12:13","modified_gmt":"2017-05-29T13:12:13","slug":"refernciak","status":"publish","type":"page","link":"https:\/\/hattercontroll.hu\/de\/refernciak\/","title":{"rendered":"Referenci\u00e1k"},"content":{"rendered":"[vc_row][vc_column]\n\t\t\t\n\t\t\t\t<section class=\"price-table price-table-style-2 custom_heading_section\">\n\t\t\t\t  <div class=\"container\">\n\t\t\t\t\t<div class=\"heading-style-1\">\n\t\t\t\t\t  <h2>Referenci\u00e1ink<\/h2>\n\t\t\t\t\t<\/div>\n\t\t\t\t\t<h3>A teljess\u00e9g ig\u00e9nye n\u00e9lk\u00fcl<\/h3>\n\t\t\t\t  <\/div>\n\t\t\t\t<\/section>[\/vc_column][\/vc_row][vc_row][vc_column]\n\t\t\t\n\t\t\t<section class=\"portfolio-style-1 padd-none gallery-large\">\n\t\t\t  <div class=\"container\">\n\t\t\t\t<div class=\"gallery padd-btm-90\">\n\t\t\t\t\t<div class=\"row\">\n\t\t\t\t\t\t\n\t\t\t\t\t\t\t<div class=\"col-md-4 col-sm-4\">\n\t\t\t\t\t\t\t  <div class=\"outer\">\n\t\t\t\t\t\t\t\t<div class=\"thumb\"> <img width=\"410\" height=\"320\" src=\"https:\/\/hattercontroll.hu\/wp-content\/uploads\/2017\/03\/kep_01-410x320.jpg\" class=\"attachment-410x320 size-410x320 wp-post-image\" alt=\"\" loading=\"lazy\" \/>\n\t\t\t\t\t\t\t\t  <div class=\"caption\">\n\t\t\t\t\t\t\t\t\t<div class=\"inner\">\n\t\t\t\t\t\t\t\t\t  <div class=\"btn-row\"> \n\t\t\t\t\t\t\t\t\t\t<a href=\"https:\/\/hattercontroll.hu\/wp-content\/uploads\/2017\/03\/kep_01.jpg\" class=\"link\" data-rel=\"prettyPhoto[gallery1]\"><i class=\"fa fa-plus\" aria-hidden=\"true\"><\/i><\/a>\n\t\t\t\t\t\t\t\t\t\t<a href=\"https:\/\/hattercontroll.hu\/de\/projects\/corvin-plaza-budapest\/\" class=\"link\"><i class=\"fa fa-link\" aria-hidden=\"true\"><\/i><\/a> \n\t\t\t\t\t\t\t\t\t  <\/div>\n\t\t\t\t\t\t\t\t\t  <h3><a href=\"https:\/\/hattercontroll.hu\/de\/projects\/corvin-plaza-budapest\/\">Corvin<\/a><\/h3>\n\t\t\t\t\t\t\t\t\t  <span>Corvin Plaza Budapest<\/span>\n\t\t\t\t\t\t\t\t  <\/div>\n\t\t\t\t\t\t\t\t<\/div>\n\t\t\t\t\t\t\t  <\/div>\n\t\t\t\t\t\t\t  <\/div>\n\t\t\t\t\t\t\t<\/div>\n\t\t\t\t\t\t\n\t\t\t\t\t\t\t<div class=\"col-md-4 col-sm-4\">\n\t\t\t\t\t\t\t  <div class=\"outer\">\n\t\t\t\t\t\t\t\t<div class=\"thumb\"> <img width=\"410\" height=\"320\" src=\"https:\/\/hattercontroll.hu\/wp-content\/uploads\/2017\/03\/dunaplaza-410x320.jpg\" class=\"attachment-410x320 size-410x320 wp-post-image\" alt=\"\" loading=\"lazy\" \/>\n\t\t\t\t\t\t\t\t  <div class=\"caption\">\n\t\t\t\t\t\t\t\t\t<div class=\"inner\">\n\t\t\t\t\t\t\t\t\t  <div class=\"btn-row\"> \n\t\t\t\t\t\t\t\t\t\t<a href=\"https:\/\/hattercontroll.hu\/wp-content\/uploads\/2017\/03\/dunaplaza.jpg\" class=\"link\" data-rel=\"prettyPhoto[gallery1]\"><i class=\"fa fa-plus\" aria-hidden=\"true\"><\/i><\/a>\n\t\t\t\t\t\t\t\t\t\t<a href=\"https:\/\/hattercontroll.hu\/de\/projects\/duna-plaza\/\" class=\"link\"><i class=\"fa fa-link\" aria-hidden=\"true\"><\/i><\/a> \n\t\t\t\t\t\t\t\t\t  <\/div>\n\t\t\t\t\t\t\t\t\t  <h3><a href=\"https:\/\/hattercontroll.hu\/de\/projects\/duna-plaza\/\">Duna Plaza<\/a><\/h3>\n\t\t\t\t\t\t\t\t\t  <span>Duna Plaza<\/span>\n\t\t\t\t\t\t\t\t  <\/div>\n\t\t\t\t\t\t\t\t<\/div>\n\t\t\t\t\t\t\t  <\/div>\n\t\t\t\t\t\t\t  <\/div>\n\t\t\t\t\t\t\t<\/div>\n\t\t\t\t\t\t\n\t\t\t\t\t\t\t<div class=\"col-md-4 col-sm-4\">\n\t\t\t\t\t\t\t  <div class=\"outer\">\n\t\t\t\t\t\t\t\t<div class=\"thumb\"> <img width=\"410\" height=\"320\" src=\"https:\/\/hattercontroll.hu\/wp-content\/uploads\/2017\/03\/ref_eto-1-410x320.jpg\" class=\"attachment-410x320 size-410x320 wp-post-image\" alt=\"\" loading=\"lazy\" \/>\n\t\t\t\t\t\t\t\t  <div class=\"caption\">\n\t\t\t\t\t\t\t\t\t<div class=\"inner\">\n\t\t\t\t\t\t\t\t\t  <div class=\"btn-row\"> \n\t\t\t\t\t\t\t\t\t\t<a href=\"https:\/\/hattercontroll.hu\/wp-content\/uploads\/2017\/03\/ref_eto-1.jpg\" class=\"link\" data-rel=\"prettyPhoto[gallery1]\"><i class=\"fa fa-plus\" aria-hidden=\"true\"><\/i><\/a>\n\t\t\t\t\t\t\t\t\t\t<a href=\"https:\/\/hattercontroll.hu\/de\/projects\/eto\/\" class=\"link\"><i class=\"fa fa-link\" aria-hidden=\"true\"><\/i><\/a> \n\t\t\t\t\t\t\t\t\t  <\/div>\n\t\t\t\t\t\t\t\t\t  <h3><a href=\"https:\/\/hattercontroll.hu\/de\/projects\/eto\/\">ETO<\/a><\/h3>\n\t\t\t\t\t\t\t\t\t  <span>Gy\u0151ri ETO Sport- \u00e9s Szabadid\u0151k\u00f6zpont<\/span>\n\t\t\t\t\t\t\t\t  <\/div>\n\t\t\t\t\t\t\t\t<\/div>\n\t\t\t\t\t\t\t  <\/div>\n\t\t\t\t\t\t\t  <\/div>\n\t\t\t\t\t\t\t<\/div>\n\t\t\t\t\t\t\n\t\t\t\t\t\t\t<div class=\"col-md-4 col-sm-4\">\n\t\t\t\t\t\t\t  <div class=\"outer\">\n\t\t\t\t\t\t\t\t<div class=\"thumb\"> <img width=\"410\" height=\"320\" src=\"https:\/\/hattercontroll.hu\/wp-content\/uploads\/2017\/03\/klinika-410x320.jpg\" class=\"attachment-410x320 size-410x320 wp-post-image\" alt=\"\" loading=\"lazy\" \/>\n\t\t\t\t\t\t\t\t  <div class=\"caption\">\n\t\t\t\t\t\t\t\t\t<div class=\"inner\">\n\t\t\t\t\t\t\t\t\t  <div class=\"btn-row\"> \n\t\t\t\t\t\t\t\t\t\t<a href=\"https:\/\/hattercontroll.hu\/wp-content\/uploads\/2017\/03\/klinika.jpg\" class=\"link\" data-rel=\"prettyPhoto[gallery1]\"><i class=\"fa fa-plus\" aria-hidden=\"true\"><\/i><\/a>\n\t\t\t\t\t\t\t\t\t\t<a href=\"https:\/\/hattercontroll.hu\/de\/projects\/gerincklinika\/\" class=\"link\"><i class=\"fa fa-link\" aria-hidden=\"true\"><\/i><\/a> \n\t\t\t\t\t\t\t\t\t  <\/div>\n\t\t\t\t\t\t\t\t\t  <h3><a href=\"https:\/\/hattercontroll.hu\/de\/projects\/gerincklinika\/\">Gerincklinika<\/a><\/h3>\n\t\t\t\t\t\t\t\t\t  <span>Orsz\u00e1gos Gerinc Klinika Budapest<\/span>\n\t\t\t\t\t\t\t\t  <\/div>\n\t\t\t\t\t\t\t\t<\/div>\n\t\t\t\t\t\t\t  <\/div>\n\t\t\t\t\t\t\t  <\/div>\n\t\t\t\t\t\t\t<\/div>\n\t\t\t\t\t\t\n\t\t\t\t\t\t\t<div class=\"col-md-4 col-sm-4\">\n\t\t\t\t\t\t\t  <div class=\"outer\">\n\t\t\t\t\t\t\t\t<div class=\"thumb\"> <img width=\"410\" height=\"320\" src=\"https:\/\/hattercontroll.hu\/wp-content\/uploads\/2017\/03\/aster-410x320.jpg\" class=\"attachment-410x320 size-410x320 wp-post-image\" alt=\"\" loading=\"lazy\" \/>\n\t\t\t\t\t\t\t\t  <div class=\"caption\">\n\t\t\t\t\t\t\t\t\t<div class=\"inner\">\n\t\t\t\t\t\t\t\t\t  <div class=\"btn-row\"> \n\t\t\t\t\t\t\t\t\t\t<a href=\"https:\/\/hattercontroll.hu\/wp-content\/uploads\/2017\/03\/aster.jpg\" class=\"link\" data-rel=\"prettyPhoto[gallery1]\"><i class=\"fa fa-plus\" aria-hidden=\"true\"><\/i><\/a>\n\t\t\t\t\t\t\t\t\t\t<a href=\"https:\/\/hattercontroll.hu\/de\/projects\/pg\/\" class=\"link\"><i class=\"fa fa-link\" aria-hidden=\"true\"><\/i><\/a> \n\t\t\t\t\t\t\t\t\t  <\/div>\n\t\t\t\t\t\t\t\t\t  <h3><a href=\"https:\/\/hattercontroll.hu\/de\/projects\/pg\/\">P&#038;G<\/a><\/h3>\n\t\t\t\t\t\t\t\t\t  <span><\/span>\n\t\t\t\t\t\t\t\t  <\/div>\n\t\t\t\t\t\t\t\t<\/div>\n\t\t\t\t\t\t\t  <\/div>\n\t\t\t\t\t\t\t  <\/div>\n\t\t\t\t\t\t\t<\/div>\n\t\t\t\t\t\t\n\t\t\t\t\t\t\t<div class=\"col-md-4 col-sm-4\">\n\t\t\t\t\t\t\t  <div class=\"outer\">\n\t\t\t\t\t\t\t\t<div class=\"thumb\"> <img width=\"410\" height=\"320\" src=\"https:\/\/hattercontroll.hu\/wp-content\/uploads\/2017\/03\/136_1_2-410x320.jpg\" class=\"attachment-410x320 size-410x320 wp-post-image\" alt=\"\" loading=\"lazy\" \/>\n\t\t\t\t\t\t\t\t  <div class=\"caption\">\n\t\t\t\t\t\t\t\t\t<div class=\"inner\">\n\t\t\t\t\t\t\t\t\t  <div class=\"btn-row\"> \n\t\t\t\t\t\t\t\t\t\t<a href=\"https:\/\/hattercontroll.hu\/wp-content\/uploads\/2017\/03\/136_1_2.jpg\" class=\"link\" data-rel=\"prettyPhoto[gallery1]\"><i class=\"fa fa-plus\" aria-hidden=\"true\"><\/i><\/a>\n\t\t\t\t\t\t\t\t\t\t<a href=\"https:\/\/hattercontroll.hu\/de\/projects\/pg-2\/\" class=\"link\"><i class=\"fa fa-link\" aria-hidden=\"true\"><\/i><\/a> \n\t\t\t\t\t\t\t\t\t  <\/div>\n\t\t\t\t\t\t\t\t\t  <h3><a href=\"https:\/\/hattercontroll.hu\/de\/projects\/pg-2\/\">P&#038;G<\/a><\/h3>\n\t\t\t\t\t\t\t\t\t  <span><\/span>\n\t\t\t\t\t\t\t\t  <\/div>\n\t\t\t\t\t\t\t\t<\/div>\n\t\t\t\t\t\t\t  <\/div>\n\t\t\t\t\t\t\t  <\/div>\n\t\t\t\t\t\t\t<\/div>\n\t\t\t\t\t\t\n\t\t\t\t\t\t\t<div class=\"col-md-4 col-sm-4\">\n\t\t\t\t\t\t\t  <div class=\"outer\">\n\t\t\t\t\t\t\t\t<div class=\"thumb\"> <img width=\"410\" height=\"320\" src=\"https:\/\/hattercontroll.hu\/wp-content\/uploads\/2017\/03\/rtl-410x320.jpg\" class=\"attachment-410x320 size-410x320 wp-post-image\" alt=\"\" loading=\"lazy\" \/>\n\t\t\t\t\t\t\t\t  <div class=\"caption\">\n\t\t\t\t\t\t\t\t\t<div class=\"inner\">\n\t\t\t\t\t\t\t\t\t  <div class=\"btn-row\"> \n\t\t\t\t\t\t\t\t\t\t<a href=\"https:\/\/hattercontroll.hu\/wp-content\/uploads\/2017\/03\/rtl.jpg\" class=\"link\" data-rel=\"prettyPhoto[gallery1]\"><i class=\"fa fa-plus\" aria-hidden=\"true\"><\/i><\/a>\n\t\t\t\t\t\t\t\t\t\t<a href=\"https:\/\/hattercontroll.hu\/de\/projects\/rtl-klub\/\" class=\"link\"><i class=\"fa fa-link\" aria-hidden=\"true\"><\/i><\/a> \n\t\t\t\t\t\t\t\t\t  <\/div>\n\t\t\t\t\t\t\t\t\t  <h3><a href=\"https:\/\/hattercontroll.hu\/de\/projects\/rtl-klub\/\">RTL Klub<\/a><\/h3>\n\t\t\t\t\t\t\t\t\t  <span>RTL Klub Sz\u00e9kh\u00e1z Budapest<\/span>\n\t\t\t\t\t\t\t\t  <\/div>\n\t\t\t\t\t\t\t\t<\/div>\n\t\t\t\t\t\t\t  <\/div>\n\t\t\t\t\t\t\t  <\/div>\n\t\t\t\t\t\t\t<\/div>\n\t\t\t\t\t\t\n\t\t\t\t\t\t\t<div class=\"col-md-4 col-sm-4\">\n\t\t\t\t\t\t\t  <div class=\"outer\">\n\t\t\t\t\t\t\t\t<div class=\"thumb\"> <img width=\"410\" height=\"273\" src=\"https:\/\/hattercontroll.hu\/wp-content\/uploads\/2017\/03\/topark_01.jpg\" class=\"attachment-410x320 size-410x320 wp-post-image\" alt=\"\" loading=\"lazy\" srcset=\"https:\/\/hattercontroll.hu\/wp-content\/uploads\/2017\/03\/topark_01.jpg 450w, https:\/\/hattercontroll.hu\/wp-content\/uploads\/2017\/03\/topark_01-300x200.jpg 300w\" sizes=\"(max-width: 410px) 100vw, 410px\" \/>\n\t\t\t\t\t\t\t\t  <div class=\"caption\">\n\t\t\t\t\t\t\t\t\t<div class=\"inner\">\n\t\t\t\t\t\t\t\t\t  <div class=\"btn-row\"> \n\t\t\t\t\t\t\t\t\t\t<a href=\"https:\/\/hattercontroll.hu\/wp-content\/uploads\/2017\/03\/topark_01.jpg\" class=\"link\" data-rel=\"prettyPhoto[gallery1]\"><i class=\"fa fa-plus\" aria-hidden=\"true\"><\/i><\/a>\n\t\t\t\t\t\t\t\t\t\t<a href=\"https:\/\/hattercontroll.hu\/de\/projects\/topark\/\" class=\"link\"><i class=\"fa fa-link\" aria-hidden=\"true\"><\/i><\/a> \n\t\t\t\t\t\t\t\t\t  <\/div>\n\t\t\t\t\t\t\t\t\t  <h3><a href=\"https:\/\/hattercontroll.hu\/de\/projects\/topark\/\">T\u00f3park<\/a><\/h3>\n\t\t\t\t\t\t\t\t\t  <span>T\u00f3park Irodapark<\/span>\n\t\t\t\t\t\t\t\t  <\/div>\n\t\t\t\t\t\t\t\t<\/div>\n\t\t\t\t\t\t\t  <\/div>\n\t\t\t\t\t\t\t  <\/div>\n\t\t\t\t\t\t\t<\/div>\n\t\t\t     <\/div>\n\t\t\t\t<\/div>\n\t\t\t   <\/div>\n\t\t\t<\/section>[\/vc_column][\/vc_row]\n","protected":false},"excerpt":{"rendered":"<p>[vc_row][vc_column][\/vc_column][\/vc_row][vc_row][vc_column][\/vc_column][\/vc_row]<\/p>\n","protected":false},"author":1,"featured_media":0,"parent":0,"menu_order":0,"comment_status":"closed","ping_status":"closed","template":"","meta":[],"_links":{"self":[{"href":"https:\/\/hattercontroll.hu\/de\/wp-json\/wp\/v2\/pages\/683"}],"collection":[{"href":"https:\/\/hattercontroll.hu\/de\/wp-json\/wp\/v2\/pages"}],"about":[{"href":"https:\/\/hattercontroll.hu\/de\/wp-json\/wp\/v2\/types\/page"}],"author":[{"embeddable":true,"href":"https:\/\/hattercontroll.hu\/de\/wp-json\/wp\/v2\/users\/1"}],"replies":[{"embeddable":true,"href":"https:\/\/hattercontroll.hu\/de\/wp-json\/wp\/v2\/comments?post=683"}],"version-history":[{"count":4,"href":"https:\/\/hattercontroll.hu\/de\/wp-json\/wp\/v2\/pages\/683\/revisions"}],"predecessor-version":[{"id":753,"href":"https:\/\/hattercontroll.hu\/de\/wp-json\/wp\/v2\/pages\/683\/revisions\/753"}],"wp:attachment":[{"href":"https:\/\/hattercontroll.hu\/de\/wp-json\/wp\/v2\/media?parent=683"}],"curies":[{"name":"wp","href":"https:\/\/api.w.org\/{rel}","templated":true}]}}