{"id":732,"date":"2017-03-29T18:00:08","date_gmt":"2017-03-29T18:00:08","guid":{"rendered":"http:\/\/kardoszsuzsa.hu\/hattercontroll\/?page_id=732"},"modified":"2017-03-29T18:02:36","modified_gmt":"2017-03-29T18:02:36","slug":"kerdesek","status":"publish","type":"page","link":"https:\/\/hattercontroll.hu\/de\/kerdesek\/","title":{"rendered":"K\u00e9rd\u00e9sek"},"content":{"rendered":"[vc_row][vc_column]\n\t\t\t\n\t\t\t\t<section class=\"price-table price-table-style-2 custom_heading_section\">\n\t\t\t\t  <div class=\"container\">\n\t\t\t\t\t<div class=\"heading-style-1\">\n\t\t\t\t\t  <h2>K\u00e9rd\u00e9sek<\/h2>\n\t\t\t\t\t<\/div>\n\t\t\t\t\t<h3>Ezekre a k\u00e9rd\u00e9sekre adunk v\u00e1laszt a munkafolyamat k\u00f6zben<\/h3>\n\t\t\t\t  <\/div>\n\t\t\t\t<\/section>[\/vc_column][\/vc_row][vc_row][vc_column][vc_toggle title=&#8220;AZ \u00c9P\u00cdT\u00c9S\u00dcGYI HAT\u00d3S\u00c1GI ENGED\u00c9LYEZ\u00c9SI ELJ\u00c1R\u00c1S ELEKTRONIKUS MEGIND\u00cdT\u00c1S\u00c1R\u00d3L&#8220; color=&#8220;orange&#8220; el_id=&#8220;1490810206673-33d42a27-8698&#8243;]\n<ul>\n<li>Hogyan lehet az \u00e9p\u00edt\u00e9s\u00fcgyi hat\u00f3s\u00e1gi enged\u00e9lyez\u00e9si elj\u00e1r\u00e1st megind\u00edtani?<\/li>\n<li>Az on-line k\u00e9relem beny\u00fajt\u00e1s\u00e1nak m\u00f3dja<\/li>\n<li>Az off-line k\u00e9relem beny\u00fajt\u00e1s\u00e1nak m\u00f3dja<\/li>\n<\/ul>\n[\/vc_toggle][vc_toggle title=&#8220;\u00c9P\u00cdT\u00c9SI EN GED\u00c9LY N\u00c9LK\u00dcL V\u00c9GEZHET\u0150 \u00c9P\u00cdT\u00c9SI TEV\u00c9KENYS\u00c9GEK&#8220; el_id=&#8220;1490810281982-06a394c2-7514&#8243;]\n<ul>\n<li>\u00c9p\u00edt\u00e9si enged\u00e9ly n\u00e9lk\u00fcl v\u00e9gezhet\u0151 \u00e9p\u00edt\u00e9si tev\u00e9kenys\u00e9gek<\/li>\n<li>Bont\u00e1si enged\u00e9ly \u00e9s bont\u00e1s tudom\u00e1sulv\u00e9tele n\u00e9lk\u00fcl v\u00e9gezhet\u0151 bont\u00e1si tev\u00e9kenys\u00e9gek<\/li>\n<\/ul>\n[\/vc_toggle][vc_toggle title=&#8220;\u00c9P\u00cdT\u00c9SI ENGED\u00c9LYEZ\u00c9SI ELJ\u00c1R\u00c1S&#8220; el_id=&#8220;1490810295485-19edece7-de9e&#8220;]\n<ul>\n<li>Milyen esetben, illetve mikor kell \u00e9p\u00edt\u00e9si enged\u00e9lyt k\u00e9rni?<\/li>\n<li>Mit kell az \u00e9p\u00edt\u00e9si enged\u00e9ly ir\u00e1nti k\u00e9relemhez csatolni?<\/li>\n<li>Mikor kell szakhat\u00f3s\u00e1got bevonni?<\/li>\n<li>Mennyi az elj\u00e1r\u00e1s illet\u00e9ke?<\/li>\n<li>Mennyi az \u00fcgyint\u00e9z\u00e9si hat\u00e1rid\u0151?<\/li>\n<li>Az enged\u00e9lyez\u00e9s egy\u00e9b szab\u00e1lyai<\/li>\n<li>Ki \u00e9rtes\u00fcl az enged\u00e9lyr\u0151l, az enged\u00e9ly joger\u0151re emelked\u00e9s\u00e9r\u0151l?<\/li>\n<li>Az enged\u00e9ly felt\u00e9telei, \u00e9s azok teljes\u00edt\u00e9se<\/li>\n<li>Meddig hat\u00e1lyos az enged\u00e9ly \u00e9s meghosszabb\u00edthat\u00f3-e?<\/li>\n<li>\u00c9p\u00edt\u00e9si enged\u00e9ly n\u00e9lk\u00fcl v\u00e9gezhet\u0151 \u00e9p\u00edt\u00e9si tev\u00e9kenys\u00e9gek:<\/li>\n<li>Az \u00e9p\u00edt\u00e9szeti-m\u0171szaki dokument\u00e1ci\u00f3 tartalma<\/li>\n<\/ul>\n[\/vc_toggle][vc_toggle title=&#8220;BONT\u00c1SI ENGED\u00c9LYEZ\u00c9SI ELJ\u00c1R\u00c1S&#8220; el_id=&#8220;1490810311687-c25c5b2d-4277&#8243;]\n<ul>\n<li>Milyen esetben, illetve mikor kell bont\u00e1si enged\u00e9lyt k\u00e9rni?<\/li>\n<li>Mit kell a bont\u00e1si enged\u00e9ly ir\u00e1nti k\u00e9relemhez csatolni?<\/li>\n<li>Mikor kell szakhat\u00f3s\u00e1got bevonni?<\/li>\n<li>Mennyi az elj\u00e1r\u00e1s illet\u00e9ke?<\/li>\n<li>Mennyi az \u00fcgyint\u00e9z\u00e9si hat\u00e1rid\u0151?<\/li>\n<li>Az enged\u00e9lyez\u00e9s egy\u00e9b szab\u00e1lyai<\/li>\n<li>Ki \u00e9rtes\u00fcl az enged\u00e9lyr\u0151l, az enged\u00e9ly joger\u0151re emelked\u00e9s\u00e9r\u0151l?<\/li>\n<li>Az enged\u00e9ly felt\u00e9telei, \u00e9s azok teljes\u00edt\u00e9se<\/li>\n<li>Meddig hat\u00e1lyos az enged\u00e9ly \u00e9s meghosszabb\u00edthat\u00f3-e?<\/li>\n<\/ul>\n[\/vc_toggle][vc_toggle title=&#8220;FENNMARAD\u00c1SI ENGED\u00c9LYEZ\u00c9SI ELJ\u00c1R\u00c1S&#8220; el_id=&#8220;1490810423910-d837250e-1162&#8243;]\n<ul>\n<li>Milyen esetben, \u00e9s ki k\u00e9rhet fennmarad\u00e1si enged\u00e9lyt?<\/li>\n<li>Mit kell a k\u00e9relemhez csatolni?<\/li>\n<li>Mikor kell az elj\u00e1r\u00e1sba szakhat\u00f3s\u00e1got bevonni?<\/li>\n<li>Mennyi az elj\u00e1r\u00e1s illet\u00e9ke?<\/li>\n<li>Mennyi az \u00fcgyint\u00e9z\u00e9si hat\u00e1rid\u0151?<\/li>\n<li>Az enged\u00e9lyez\u00e9s egy\u00e9b szab\u00e1lyai<\/li>\n<li>Ki \u00e9rtes\u00fcl az enged\u00e9lyr\u0151l, illetve a tudom\u00e1sul v\u00e9telr\u0151l (joger\u0151r\u0151l)?<\/li>\n<li>Az enged\u00e9ly felt\u00e9telei, \u00e9s azok teljes\u00edt\u00e9se<\/li>\n<li>Meddig hat\u00e1lyos a fennmarad\u00e1si enged\u00e9ly \u00e9s meghosszabb\u00edthat\u00f3-e?<\/li>\n<\/ul>\n[\/vc_toggle][vc_toggle title=&#8220;HASZN\u00c1LATBAV\u00c9TELI ENGED\u00c9LYEZ\u00c9SI ELJ\u00c1R\u00c1S&#8220; el_id=&#8220;1490810447861-cb87450e-21e1&#8243;]\n<ul>\n<li>Milyen esetben, illetve mikor kell haszn\u00e1latbav\u00e9teli, lakhat\u00e1si enged\u00e9lyt k\u00e9rni?<\/li>\n<li>Mit kell a haszn\u00e1latbav\u00e9teli enged\u00e9ly ir\u00e1nti k\u00e9relemhez csatolni?<\/li>\n<li>Mikor kell szakhat\u00f3s\u00e1got bevonni?<\/li>\n<li>Mennyi az elj\u00e1r\u00e1s illet\u00e9ke?<\/li>\n<li>Mennyi az \u00fcgyint\u00e9z\u00e9si hat\u00e1rid\u0151?<\/li>\n<li>Az enged\u00e9lyez\u00e9s egy\u00e9b szab\u00e1lyai<\/li>\n<li>Ki \u00e9rtes\u00fcl az enged\u00e9lyr\u0151l, az enged\u00e9ly joger\u0151re emelked\u00e9s\u00e9r\u0151l?<\/li>\n<li>Az enged\u00e9ly felt\u00e9telei, \u00e9s azok teljes\u00edt\u00e9se<\/li>\n<li>Meddig hat\u00e1lyos az enged\u00e9ly \u00e9s meghosszabb\u00edthat\u00f3-e?<\/li>\n<\/ul>\n[\/vc_toggle][vc_toggle title=&#8220;\u00d6SSZEVONT ENGED\u00c9LYEZ\u00c9SI ELJ\u00c1R\u00c1S&#8220; el_id=&#8220;1490810461937-0657e3fa-775d&#8220;]\n<ul>\n<li>Milyen esetben lehet \u00f6sszevont enged\u00e9lyt k\u00e9rni?<\/li>\n<li>Mit kell az \u00f6sszevont enged\u00e9ly ir\u00e1nti k\u00e9relemhez csatolni?<\/li>\n<li>Mikor kell szakhat\u00f3s\u00e1got bevonni?<\/li>\n<li>Mennyi az elj\u00e1r\u00e1s illet\u00e9ke?<\/li>\n<li>Mennyi az \u00fcgyint\u00e9z\u00e9si hat\u00e1rid\u0151?<\/li>\n<li>Az enged\u00e9lyez\u00e9s egy\u00e9b szab\u00e1lyai<\/li>\n<li>Ki \u00e9rtes\u00fcl az enged\u00e9lyr\u0151l (joger\u0151r\u0151l)?<\/li>\n<li>Az enged\u00e9ly felt\u00e9telei, \u00e9s azok teljes\u00edt\u00e9se<\/li>\n<li>Meddig hat\u00e1lyos az enged\u00e9ly \u00e9s meghosszabb\u00edthat\u00f3-e?<\/li>\n<\/ul>\n[\/vc_toggle][vc_toggle title=&#8220;AZ ORSZ\u00c1GOS \u00c9P\u00cdT\u00c9SI K\u00d6VETELM\u00c9NYEKT\u0150L VAL\u00d3 ELT\u00c9R\u00c9S ENGED\u00c9LYEZ\u00c9SI ELJ\u00c1R\u00c1S&#8220; el_id=&#8220;1490810476977-3f33c0c4-0362&#8243;]\n<ul>\n<li>Milyen esetben k\u00e9rhet\u0151 az elt\u00e9r\u00e9si enged\u00e9ly?<\/li>\n<li>Hogyan ny\u00fajthat\u00f3 be a k\u00e9relem?<\/li>\n<li>Mit kell az elt\u00e9r\u00e9si enged\u00e9ly ir\u00e1nti k\u00e9relemhez csatolni?<\/li>\n<li>Mennyi az elj\u00e1r\u00e1s illet\u00e9ke?<\/li>\n<li>Mennyi az \u00fcgyint\u00e9z\u00e9si hat\u00e1rid\u0151?<\/li>\n<li>Mi alapj\u00e1n b\u00edr\u00e1lj\u00e1k el a k\u00e9relmet?<\/li>\n<li>Ki \u00e9s hogyan \u00e9rtes\u00fcl az enged\u00e9lyr\u0151l?<\/li>\n<li>Meddig hat\u00e1lyos az enged\u00e9ly \u00e9s meghosszabb\u00edthat\u00f3-e?<\/li>\n<\/ul>\n[\/vc_toggle][vc_toggle title=&#8220;BONT\u00c1S TUDOM\u00c1SULV\u00c9TELI ELJ\u00c1R\u00c1S&#8220; el_id=&#8220;1490810489448-485b4d9e-33c6&#8243;]\n<ul>\n<li>Milyen esetben van-, illetve nincs helye bont\u00e1s tudom\u00e1sulv\u00e9tel\u00e9nek?<\/li>\n<li>Mikor kezdhet\u0151 meg a bont\u00e1s tudom\u00e1sulv\u00e9tel\u00e9hez k\u00f6t\u00f6tt bont\u00e1si tev\u00e9kenys\u00e9g?<\/li>\n<li>Meddig lehet elv\u00e9gezni a bont\u00e1si tev\u00e9kenys\u00e9get?<\/li>\n<li>Ki \u00e9rtes\u00fcl az elj\u00e1r\u00e1s megind\u00edt\u00e1s\u00e1r\u00f3l?<\/li>\n<li>Mit tartalmaz a k\u00e9relem?<\/li>\n<li>Mit kell a bont\u00e1si tev\u00e9kenys\u00e9g megkezd\u00e9s\u00e9nek tudom\u00e1sulv\u00e9tel\u00e9re ir\u00e1nyul\u00f3 bejelent\u00e9shez csatolni?<\/li>\n<li>Mikor tiltja meg a hat\u00f3s\u00e1g a bont\u00e1si tev\u00e9kenys\u00e9g megkezd\u00e9s\u00e9t?<\/li>\n<li>Ki \u00e9rtes\u00fcl tilt\u00e1s eset\u00e9n a d\u00f6nt\u00e9sr\u0151l?<\/li>\n<li>Mikor kell szakhat\u00f3s\u00e1got bevonni?<\/li>\n<li>Mennyi az elj\u00e1r\u00e1s illet\u00e9ke?<\/li>\n<li>Mennyi az \u00fcgyint\u00e9z\u00e9si hat\u00e1rid\u0151?<\/li>\n<li>Az enged\u00e9lyez\u00e9s egy\u00e9b szab\u00e1lyai<\/li>\n<li>Ki \u00e9rtes\u00fcl az enged\u00e9lyr\u0151l (joger\u0151r\u0151l)?<\/li>\n<li>Az enged\u00e9ly felt\u00e9telei, \u00e9s azok teljes\u00edt\u00e9se<\/li>\n<li>Meddig hat\u00e1lyos az enged\u00e9ly \u00e9s megosszabb\u00edthat\u00f3-e?<\/li>\n<\/ul>\n[\/vc_toggle][\/vc_column][\/vc_row]\n","protected":false},"excerpt":{"rendered":"<p>[vc_row][vc_column][\/vc_column][\/vc_row][vc_row][vc_column][vc_toggle title=&#8220;AZ \u00c9P\u00cdT\u00c9S\u00dcGYI HAT\u00d3S\u00c1GI ENGED\u00c9LYEZ\u00c9SI ELJ\u00c1R\u00c1S ELEKTRONIKUS MEGIND\u00cdT\u00c1S\u00c1R\u00d3L&#8220; color=&#8220;orange&#8220; el_id=&#8220;1490810206673-33d42a27-8698&#8243;] Hogyan lehet az \u00e9p\u00edt\u00e9s\u00fcgyi hat\u00f3s\u00e1gi enged\u00e9lyez\u00e9si elj\u00e1r\u00e1st megind\u00edtani? Az on-line k\u00e9relem beny\u00fajt\u00e1s\u00e1nak m\u00f3dja Az off-line k\u00e9relem beny\u00fajt\u00e1s\u00e1nak m\u00f3dja [\/vc_toggle][vc_toggle title=&#8220;\u00c9P\u00cdT\u00c9SI EN GED\u00c9LY N\u00c9LK\u00dcL V\u00c9GEZHET\u0150 \u00c9P\u00cdT\u00c9SI TEV\u00c9KENYS\u00c9GEK&#8220; el_id=&#8220;1490810281982-06a394c2-7514&#8243;] \u00c9p\u00edt\u00e9si enged\u00e9ly n\u00e9lk\u00fcl v\u00e9gezhet\u0151 \u00e9p\u00edt\u00e9si tev\u00e9kenys\u00e9gek Bont\u00e1si enged\u00e9ly \u00e9s bont\u00e1s tudom\u00e1sulv\u00e9tele n\u00e9lk\u00fcl v\u00e9gezhet\u0151 bont\u00e1si tev\u00e9kenys\u00e9gek [\/vc_toggle][vc_toggle title=&#8220;\u00c9P\u00cdT\u00c9SI ENGED\u00c9LYEZ\u00c9SI ELJ\u00c1R\u00c1S&#8220; el_id=&#8220;1490810295485-19edece7-de9e&#8220;] Milyen esetben, illetve mikor kell \u00e9p\u00edt\u00e9si enged\u00e9lyt k\u00e9rni? Mit kell az \u00e9p\u00edt\u00e9si enged\u00e9ly ir\u00e1nti k\u00e9relemhez csatolni? Mikor kell szakhat\u00f3s\u00e1got bevonni? Mennyi az elj\u00e1r\u00e1s illet\u00e9ke? Mennyi az \u00fcgyint\u00e9z\u00e9si hat\u00e1rid\u0151? Az enged\u00e9lyez\u00e9s egy\u00e9b szab\u00e1lyai Ki \u00e9rtes\u00fcl az enged\u00e9lyr\u0151l, az enged\u00e9ly joger\u0151re emelked\u00e9s\u00e9r\u0151l? Az enged\u00e9ly felt\u00e9telei, \u00e9s azok teljes\u00edt\u00e9se Meddig hat\u00e1lyos az enged\u00e9ly \u00e9s meghosszabb\u00edthat\u00f3-e? \u00c9p\u00edt\u00e9si enged\u00e9ly n\u00e9lk\u00fcl v\u00e9gezhet\u0151 \u00e9p\u00edt\u00e9si tev\u00e9kenys\u00e9gek: Az \u00e9p\u00edt\u00e9szeti-m\u0171szaki dokument\u00e1ci\u00f3 tartalma [\/vc_toggle][vc_toggle title=&#8220;BONT\u00c1SI ENGED\u00c9LYEZ\u00c9SI ELJ\u00c1R\u00c1S&#8220; el_id=&#8220;1490810311687-c25c5b2d-4277&#8243;] Milyen esetben, illetve mikor kell bont\u00e1si enged\u00e9lyt k\u00e9rni? Mit kell a bont\u00e1si enged\u00e9ly ir\u00e1nti k\u00e9relemhez csatolni? Mikor kell szakhat\u00f3s\u00e1got bevonni? Mennyi az elj\u00e1r\u00e1s illet\u00e9ke? Mennyi az \u00fcgyint\u00e9z\u00e9si hat\u00e1rid\u0151? Az enged\u00e9lyez\u00e9s egy\u00e9b szab\u00e1lyai Ki \u00e9rtes\u00fcl az enged\u00e9lyr\u0151l, az enged\u00e9ly joger\u0151re emelked\u00e9s\u00e9r\u0151l? Az enged\u00e9ly felt\u00e9telei, \u00e9s azok teljes\u00edt\u00e9se Meddig hat\u00e1lyos az enged\u00e9ly \u00e9s meghosszabb\u00edthat\u00f3-e? [\/vc_toggle][vc_toggle title=&#8220;FENNMARAD\u00c1SI ENGED\u00c9LYEZ\u00c9SI ELJ\u00c1R\u00c1S&#8220; el_id=&#8220;1490810423910-d837250e-1162&#8243;] Milyen esetben, \u00e9s ki k\u00e9rhet fennmarad\u00e1si enged\u00e9lyt? Mit kell a k\u00e9relemhez csatolni? Mikor kell az elj\u00e1r\u00e1sba szakhat\u00f3s\u00e1got bevonni? Mennyi az elj\u00e1r\u00e1s illet\u00e9ke? Mennyi az \u00fcgyint\u00e9z\u00e9si hat\u00e1rid\u0151? Az enged\u00e9lyez\u00e9s egy\u00e9b szab\u00e1lyai Ki \u00e9rtes\u00fcl az enged\u00e9lyr\u0151l, illetve a tudom\u00e1sul v\u00e9telr\u0151l (joger\u0151r\u0151l)? Az enged\u00e9ly felt\u00e9telei, \u00e9s azok teljes\u00edt\u00e9se Meddig hat\u00e1lyos a fennmarad\u00e1si enged\u00e9ly \u00e9s meghosszabb\u00edthat\u00f3-e? [\/vc_toggle][vc_toggle title=&#8220;HASZN\u00c1LATBAV\u00c9TELI ENGED\u00c9LYEZ\u00c9SI ELJ\u00c1R\u00c1S&#8220; el_id=&#8220;1490810447861-cb87450e-21e1&#8243;] Milyen esetben, illetve mikor kell haszn\u00e1latbav\u00e9teli, lakhat\u00e1si enged\u00e9lyt k\u00e9rni? Mit kell a [&hellip;]<\/p>\n","protected":false},"author":1,"featured_media":0,"parent":0,"menu_order":0,"comment_status":"closed","ping_status":"closed","template":"","meta":[],"_links":{"self":[{"href":"https:\/\/hattercontroll.hu\/de\/wp-json\/wp\/v2\/pages\/732"}],"collection":[{"href":"https:\/\/hattercontroll.hu\/de\/wp-json\/wp\/v2\/pages"}],"about":[{"href":"https:\/\/hattercontroll.hu\/de\/wp-json\/wp\/v2\/types\/page"}],"author":[{"embeddable":true,"href":"https:\/\/hattercontroll.hu\/de\/wp-json\/wp\/v2\/users\/1"}],"replies":[{"embeddable":true,"href":"https:\/\/hattercontroll.hu\/de\/wp-json\/wp\/v2\/comments?post=732"}],"version-history":[{"count":8,"href":"https:\/\/hattercontroll.hu\/de\/wp-json\/wp\/v2\/pages\/732\/revisions"}],"predecessor-version":[{"id":851,"href":"https:\/\/hattercontroll.hu\/de\/wp-json\/wp\/v2\/pages\/732\/revisions\/851"}],"wp:attachment":[{"href":"https:\/\/hattercontroll.hu\/de\/wp-json\/wp\/v2\/media?parent=732"}],"curies":[{"name":"wp","href":"https:\/\/api.w.org\/{rel}","templated":true}]}}