{"id":765,"date":"2017-03-29T19:39:28","date_gmt":"2017-03-29T19:39:28","guid":{"rendered":"http:\/\/kardoszsuzsa.hu\/hattercontroll\/?page_id=765"},"modified":"2018-06-20T13:06:17","modified_gmt":"2018-06-20T13:06:17","slug":"hatter-controll","status":"publish","type":"page","link":"https:\/\/hattercontroll.hu\/de\/","title":{"rendered":"H\u00e1tt\u00e9r Controll"},"content":{"rendered":"[vc_row][vc_column]\n\t\t\t\n\t\t\t\t<section class=\"price-table price-table-style-2 custom_heading_section\">\n\t\t\t\t  <div class=\"container\">\n\t\t\t\t\t<div class=\"heading-style-1\">\n\t\t\t\t\t  <h2>Bemutatkoz\u00e1s<\/h2>\n\t\t\t\t\t<\/div>\n\t\t\t\t\t<h3><\/h3>\n\t\t\t\t  <\/div>\n\t\t\t\t<\/section>[\/vc_column][\/vc_row][vc_row][vc_column css_animation=&#8220;none&#8220; width=&#8220;1\/3&#8243;][vc_column_text]<strong>Szigor\u00faan \u00fctemezem a feladatokat, ez\u00e1ltal mindenre marad el\u00e9g id\u0151, a folyamat \u00e1tl\u00e1that\u00f3.<\/strong><\/p>\n<p>Az \u00e9p\u00edt\u00e9szeti m\u0171szaki dokument\u00e1ci\u00f3ban le\u00edrt projekt megval\u00f3sul\u00e1s\u00e1t a legmesszemen\u0151bben k\u00e9pviselem \u00e9s fel\u00fcgyelem.[\/vc_column_text][\/vc_column][vc_column css_animation=&#8220;none&#8220; width=&#8220;1\/3&#8243;][vc_column_text]<strong>Az \u00e9p\u00edt\u00e9si hat\u00f3s\u00e1gi szab\u00e1lyoz\u00e1s t\u00f6k\u00e9letes ismeret\u00e9vel seg\u00edtem a tervez\u00e9st \u00e9s kivitelez\u00e9st.<\/strong><\/p>\n<p>Az \u00e9n feladatom, hogy a hivatalok szakembereivel, az \u00f6nkorm\u00e1nyzati \u00e9s f\u00f6ldhivatali referensekkel \u00e1lland\u00f3 kapcsolatot tartva a projektet az enged\u00e9lyeztet\u00e9si folyamaton v\u00e9gigvigyem \u00e9s a haszn\u00e1latba v\u00e9telig eljuttassam.[\/vc_column_text][\/vc_column][vc_column css_animation=&#8220;none&#8220; width=&#8220;1\/3&#8243;][vc_column_text]\n<p style=\"text-align: left;\"><strong>Id\u0151t \u00e9s p\u00e9nzt nyerek megrendel\u0151im sz\u00e1m\u00e1ra.<\/strong><\/p>\n<p style=\"text-align: left;\">Mert a beruh\u00e1z\u00e1s \u00f6sszetett m\u0171szaki feladatainak professzion\u00e1lis \u00fctemez\u00e9s\u00e9vel rengeteg id\u0151 sp\u00f3rolhat\u00f3. Megrendel\u0151m \u00edgy id\u0151ben veheti birtokba az ingatlant. A hat\u00f3s\u00e1gi hat\u00e1rid\u0151k elmulaszt\u00e1s\u00e1n t\u00e9nyleg sok p\u00e9nz m\u00falhat. Nagyon sok. Ha hi\u00e1nytalan dokument\u00e1ci\u00f3 k\u00eds\u00e9ri v\u00e9gig az \u00e9p\u00edtkez\u00e9st, id\u0151ben k\u00e9sz\u00fcl el a beruh\u00e1z\u00e1s, nincsenek kellemetlen \u00e9s v\u00e1ratlan plusz-k\u00f6lts\u00e9gek. Egy\u00fattal id\u0151ben kezd\u0151dhet a profittermel\u0151 tev\u00e9kenys\u00e9g.<\/p>\n[\/vc_column_text][\/vc_column][\/vc_row][vc_row][vc_column][vc_separator color=&#8220;chino&#8220;][\/vc_column][\/vc_row][vc_row css_animation=&#8220;none&#8220; css=&#8220;.vc_custom_1479981037098{margin-top: -45px !important;margin-bottom: 35px !important;}&#8220;][vc_column css_animation=&#8220;none&#8220;]\n\t\t\t\t<section class=\"services-style-1\">\n\t\t\t\t  <div class=\"container\">\n\t\t\t\t\t<div class=\"heading-style-1\">\n\t\t\t\t\t  <h2>\nEzt ny\u00fajtjuk <b>\u00d6nnek<\/b>\n<\/h2>\n\t\t\t\t\t<\/div>\n\t\t\t\t\t<h3>A hat\u00f3s\u00e1gi enged\u00e9lyez\u00e9si elj\u00e1r\u00e1sok gyors\u00edt\u00e1sa, pontos, rugalmas, \u00fcgyint\u00e9z\u00e9s, a beruh\u00e1z\u00f3i vagy kivitelez\u0151i oldal t\u00e1mogat\u00e1sa, a mindenkori t\u00f6rv\u00e9nyek \u00e9s el\u0151\u00edr\u00e1sok k\u00f6vet\u00e9s\u00e9nek figyelembev\u00e9tel\u00e9vel. Az \u00e1tad\u00e1s-\u00e1tv\u00e9teli hat\u00e1rid\u0151 betarthat\u00f3s\u00e1g\u00e1nak seg\u00edt\u00e9se a m\u0171szaki \u00fctemez\u00e9s egyeztet\u00e9s\u00e9vel, az optim\u00e1lis hat\u00f3s\u00e1gi megkeres\u00e9sek id\u0151pontj\u00e1nak meghat\u00e1roz\u00e1s\u00e1val.<\/h3>\n\t\t\t\t\t<div class=\"text-holder\">\n\t\t\t\t\t  <p><em><\/em><\/p>\n\t\t\t\t\t<\/div>\n\t\t\t\t\t<div class=\"row\">\n\t\t\t\t\t\t\t\t\n\t\t\t\t\t\t\t\t\t<div class=\"col-md-4 col-sm-6\">\n\t\t\t\t\t\t\t\t\t\t<div class=\"services-style-1-box\"> <span class=\"number\">09<\/span>\n\t\t\t\t\t\t\t\t\t\t  <div class=\"icon-box\"><span class=\"icon-icon-1\"><\/span><\/div>\n\t\t\t\t\t\t\t\t\t\t  <h3>A teljes \u00e9p\u00edt\u00e9si dokument\u00e1ci\u00f3 \u00f6ssze\u00e1ll\u00edt\u00e1sa<\/h3>\n\t\t\t\t\t\t\t\t\t\t  <p>Tervlapok, \u00e9p\u00edt\u00e9szeti, g\u00e9p\u00e9szeti, tart\u00f3szerkezeti m\u0171szaki le\u00edr\u00e1s, \u00e9p\u00fcletvillamoss\u00e1g, technol\u00f3giai le\u00edr\u00e1s, bels\u0151\u00e9p\u00edt\u00e9szeti le\u00edr\u00e1s, stb., Igazol\u00e1sok, szak\u00e9rt\u0151i v\u00e9lem\u00e9nyek, f\u00fcstelvezet\u00e9s, t\u0171zv\u00e9delem, stb., Haszn\u00e1latbav\u00e9teli enged\u00e9lyez\u00e9si dokument\u00e1ci\u00f3, stb.<\/p>\n\t\t\t\t\t\t\t\t\t\t<\/div>\n\t\t\t\t\t\t\t\t\t<\/div>\n\t\t\t\t\t\t\t\t\n\t\t\t\t\t\t\t\t\t<div class=\"col-md-4 col-sm-6\">\n\t\t\t\t\t\t\t\t\t\t<div class=\"services-style-1-box\"> <span class=\"number\">10<\/span>\n\t\t\t\t\t\t\t\t\t\t  <div class=\"icon-box\"><span class=\"icon-icon-2\"><\/span><\/div>\n\t\t\t\t\t\t\t\t\t\t  <h3>A tervez\u00e9si \u00e1gak munk\u00e1inak \u00f6sszehangol\u00e1sa, ellen\u0151rz\u00e9s<\/h3>\n\t\t\t\t\t\t\t\t\t\t  <p>Alv\u00e1llalkoz\u00f3i, szakhat\u00f3s\u00e1gi, \u00f6nkorm\u00e1nyzati egyezet\u00e9s, alv\u00e1llalkoz\u00f3k felkeres\u00e9se, aj\u00e1nlatbek\u00e9r\u00e9s, szerz\u0151d\u00e9sk\u00f6t\u00e9s bonyol\u00edt\u00e1sa, kivitelez\u00e9si munk\u00e1k versenyeztet\u00e9se, ellen\u0151rz\u00e9se, p\u00e9nz\u00fcgyi elsz\u00e1mol\u00e1s, terv-t\u00e9ny \u00f6sszehasonl\u00edt\u00e1s, elemz\u00e9s<\/p>\n\t\t\t\t\t\t\t\t\t\t<\/div>\n\t\t\t\t\t\t\t\t\t<\/div>\n\t\t\t\t\t\t\t\t\n\t\t\t\t\t\t\t\t\t<div class=\"col-md-4 col-sm-6\">\n\t\t\t\t\t\t\t\t\t\t<div class=\"services-style-1-box\"> <span class=\"number\">11<\/span>\n\t\t\t\t\t\t\t\t\t\t  <div class=\"icon-box\"><span class=\"icon-icon-6\"><\/span><\/div>\n\t\t\t\t\t\t\t\t\t\t  <h3>Hat\u00f3s\u00e1gi enged\u00e9lyeztet\u00e9s<\/h3>\n\t\t\t\t\t\t\t\t\t\t  <p>Az \u00e9p\u00edt\u00e9si szak\u00e1gak sz\u00e1m\u00e1ra sz\u00fcks\u00e9ges enged\u00e9lyek beszerz\u00e9se, \u00fcgyirat ind\u00edt\u00e1sa, \u00fcgymenet gyors\u00edt\u00e1sa, hi\u00e1nyp\u00f3tl\u00e1sok kik\u00fcsz\u00f6b\u00f6l\u00e9se, a projekt f\u00f6ldrajzi hely\u00e9b\u0151l \u00e9s jelleg\u00e9b\u0151l k\u00f6vetkez\u0151en sz\u00fcks\u00e9ges hat\u00f3s\u00e1gokkal val\u00f3 kapcsolattart\u00e1s, dokument\u00e1ci\u00f3-beny\u00fajt\u00e1s, hi\u00e1nyp\u00f3tl\u00e1s, eseti t\u00e1rgyal\u00e1s, a megrendel\u0151 szem\u00e9lyes k\u00e9pviselete hat\u00f3s\u00e1gn\u00e1l, \u00f6nkorm\u00e1nyzatn\u00e1l, lej\u00e1r\u00f3 enged\u00e9lyek meg\u00faj\u00edt\u00e1sa, \u00e1ttervez\u00e9s eset\u00e9n \u00faj szemle \u00e9s enged\u00e9ly k\u00e9r\u00e9se<\/p>\n\t\t\t\t\t\t\t\t\t\t<\/div>\n\t\t\t\t\t\t\t\t\t<\/div>\n\t\t\t\t\t\t\t\t\n\t\t\t\t\t\t\t\t\t<div class=\"col-md-4 col-sm-6\">\n\t\t\t\t\t\t\t\t\t\t<div class=\"services-style-1-box\"> <span class=\"number\">12<\/span>\n\t\t\t\t\t\t\t\t\t\t  <div class=\"icon-box\"><span class=\"icon-icon-5\"><\/span><\/div>\n\t\t\t\t\t\t\t\t\t\t  <h3>M\u0171szaki feladatok intelligens folyamat-menedzsmentje<\/h3>\n\t\t\t\t\t\t\t\t\t\t  <p>\u00c9p\u00edt\u00e9si napl\u00f3 vezet\u00e9se, a teljes kivitelez\u00e9si folyamat m\u0171szaki szeml\u00e9let\u0171 v\u00e9gigk\u00eds\u00e9r\u00e9se, teljes\u00edt\u00e9s-ellen\u0151rz\u00e9s<\/p>\n\t\t\t\t\t\t\t\t\t\t<\/div>\n\t\t\t\t\t\t\t\t\t<\/div>\n\t\t\t\t\t\n\t\t\t\t\t<\/div>\n\t\t\t\t   <\/div>\n\t\t\t\t<\/section>[\/vc_column][\/vc_row][vc_row][vc_column]\n\t\t\t\n\t\t\t\t<section class=\"price-table price-table-style-2 custom_heading_section\">\n\t\t\t\t  <div class=\"container\">\n\t\t\t\t\t<div class=\"heading-style-1\">\n\t\t\t\t\t  <h2>Referenci\u00e1ink<\/h2>\n\t\t\t\t\t<\/div>\n\t\t\t\t\t<h3>A teljess\u00e9g ig\u00e9nye n\u00e9lk\u00fcl<\/h3>\n\t\t\t\t  <\/div>\n\t\t\t\t<\/section>[\/vc_column][\/vc_row][vc_row][vc_column]\n\t\t\t\n\t\t\t<section class=\"portfolio-style-1 padd-none gallery-large\">\n\t\t\t  <div class=\"container\">\n\t\t\t\t<div class=\"gallery padd-btm-90\">\n\t\t\t\t\t<div class=\"row\">\n\t\t\t\t\t\t\n\t\t\t\t\t\t\t<div class=\"col-md-3 col-sm-3\">\n\t\t\t\t\t\t\t  <div class=\"outer\">\n\t\t\t\t\t\t\t\t<div class=\"thumb\"> <img width=\"410\" height=\"320\" src=\"https:\/\/hattercontroll.hu\/wp-content\/uploads\/2017\/03\/kep_01-410x320.jpg\" class=\"attachment-410x320 size-410x320 wp-post-image\" alt=\"\" loading=\"lazy\" \/>\n\t\t\t\t\t\t\t\t  <div class=\"caption\">\n\t\t\t\t\t\t\t\t\t<div class=\"inner\">\n\t\t\t\t\t\t\t\t\t  <div class=\"btn-row\"> \n\t\t\t\t\t\t\t\t\t\t<a href=\"https:\/\/hattercontroll.hu\/wp-content\/uploads\/2017\/03\/kep_01.jpg\" class=\"link\" data-rel=\"prettyPhoto[gallery1]\"><i class=\"fa fa-plus\" aria-hidden=\"true\"><\/i><\/a>\n\t\t\t\t\t\t\t\t\t\t<a href=\"https:\/\/hattercontroll.hu\/de\/projects\/corvin-plaza-budapest\/\" class=\"link\"><i class=\"fa fa-link\" aria-hidden=\"true\"><\/i><\/a> \n\t\t\t\t\t\t\t\t\t  <\/div>\n\t\t\t\t\t\t\t\t\t  <h3><a href=\"https:\/\/hattercontroll.hu\/de\/projects\/corvin-plaza-budapest\/\">Corvin<\/a><\/h3>\n\t\t\t\t\t\t\t\t\t  <span>Corvin Plaza Budapest<\/span>\n\t\t\t\t\t\t\t\t  <\/div>\n\t\t\t\t\t\t\t\t<\/div>\n\t\t\t\t\t\t\t  <\/div>\n\t\t\t\t\t\t\t  <\/div>\n\t\t\t\t\t\t\t<\/div>\n\t\t\t\t\t\t\n\t\t\t\t\t\t\t<div class=\"col-md-3 col-sm-3\">\n\t\t\t\t\t\t\t  <div class=\"outer\">\n\t\t\t\t\t\t\t\t<div class=\"thumb\"> <img width=\"410\" height=\"320\" src=\"https:\/\/hattercontroll.hu\/wp-content\/uploads\/2017\/03\/dunaplaza-410x320.jpg\" class=\"attachment-410x320 size-410x320 wp-post-image\" alt=\"\" loading=\"lazy\" \/>\n\t\t\t\t\t\t\t\t  <div class=\"caption\">\n\t\t\t\t\t\t\t\t\t<div class=\"inner\">\n\t\t\t\t\t\t\t\t\t  <div class=\"btn-row\"> \n\t\t\t\t\t\t\t\t\t\t<a href=\"https:\/\/hattercontroll.hu\/wp-content\/uploads\/2017\/03\/dunaplaza.jpg\" class=\"link\" data-rel=\"prettyPhoto[gallery1]\"><i class=\"fa fa-plus\" aria-hidden=\"true\"><\/i><\/a>\n\t\t\t\t\t\t\t\t\t\t<a href=\"https:\/\/hattercontroll.hu\/de\/projects\/duna-plaza\/\" class=\"link\"><i class=\"fa fa-link\" aria-hidden=\"true\"><\/i><\/a> \n\t\t\t\t\t\t\t\t\t  <\/div>\n\t\t\t\t\t\t\t\t\t  <h3><a href=\"https:\/\/hattercontroll.hu\/de\/projects\/duna-plaza\/\">Duna Plaza<\/a><\/h3>\n\t\t\t\t\t\t\t\t\t  <span>Duna Plaza<\/span>\n\t\t\t\t\t\t\t\t  <\/div>\n\t\t\t\t\t\t\t\t<\/div>\n\t\t\t\t\t\t\t  <\/div>\n\t\t\t\t\t\t\t  <\/div>\n\t\t\t\t\t\t\t<\/div>\n\t\t\t\t\t\t\n\t\t\t\t\t\t\t<div class=\"col-md-3 col-sm-3\">\n\t\t\t\t\t\t\t  <div class=\"outer\">\n\t\t\t\t\t\t\t\t<div class=\"thumb\"> <img width=\"410\" height=\"320\" src=\"https:\/\/hattercontroll.hu\/wp-content\/uploads\/2017\/03\/ref_eto-1-410x320.jpg\" class=\"attachment-410x320 size-410x320 wp-post-image\" alt=\"\" loading=\"lazy\" \/>\n\t\t\t\t\t\t\t\t  <div class=\"caption\">\n\t\t\t\t\t\t\t\t\t<div class=\"inner\">\n\t\t\t\t\t\t\t\t\t  <div class=\"btn-row\"> \n\t\t\t\t\t\t\t\t\t\t<a href=\"https:\/\/hattercontroll.hu\/wp-content\/uploads\/2017\/03\/ref_eto-1.jpg\" class=\"link\" data-rel=\"prettyPhoto[gallery1]\"><i class=\"fa fa-plus\" aria-hidden=\"true\"><\/i><\/a>\n\t\t\t\t\t\t\t\t\t\t<a href=\"https:\/\/hattercontroll.hu\/de\/projects\/eto\/\" class=\"link\"><i class=\"fa fa-link\" aria-hidden=\"true\"><\/i><\/a> \n\t\t\t\t\t\t\t\t\t  <\/div>\n\t\t\t\t\t\t\t\t\t  <h3><a href=\"https:\/\/hattercontroll.hu\/de\/projects\/eto\/\">ETO<\/a><\/h3>\n\t\t\t\t\t\t\t\t\t  <span>Gy\u0151ri ETO Sport- \u00e9s Szabadid\u0151k\u00f6zpont<\/span>\n\t\t\t\t\t\t\t\t  <\/div>\n\t\t\t\t\t\t\t\t<\/div>\n\t\t\t\t\t\t\t  <\/div>\n\t\t\t\t\t\t\t  <\/div>\n\t\t\t\t\t\t\t<\/div>\n\t\t\t\t\t\t\n\t\t\t\t\t\t\t<div class=\"col-md-3 col-sm-3\">\n\t\t\t\t\t\t\t  <div class=\"outer\">\n\t\t\t\t\t\t\t\t<div class=\"thumb\"> <img width=\"410\" height=\"320\" src=\"https:\/\/hattercontroll.hu\/wp-content\/uploads\/2017\/03\/klinika-410x320.jpg\" class=\"attachment-410x320 size-410x320 wp-post-image\" alt=\"\" loading=\"lazy\" \/>\n\t\t\t\t\t\t\t\t  <div class=\"caption\">\n\t\t\t\t\t\t\t\t\t<div class=\"inner\">\n\t\t\t\t\t\t\t\t\t  <div class=\"btn-row\"> \n\t\t\t\t\t\t\t\t\t\t<a href=\"https:\/\/hattercontroll.hu\/wp-content\/uploads\/2017\/03\/klinika.jpg\" class=\"link\" data-rel=\"prettyPhoto[gallery1]\"><i class=\"fa fa-plus\" aria-hidden=\"true\"><\/i><\/a>\n\t\t\t\t\t\t\t\t\t\t<a href=\"https:\/\/hattercontroll.hu\/de\/projects\/gerincklinika\/\" class=\"link\"><i class=\"fa fa-link\" aria-hidden=\"true\"><\/i><\/a> \n\t\t\t\t\t\t\t\t\t  <\/div>\n\t\t\t\t\t\t\t\t\t  <h3><a href=\"https:\/\/hattercontroll.hu\/de\/projects\/gerincklinika\/\">Gerincklinika<\/a><\/h3>\n\t\t\t\t\t\t\t\t\t  <span>Orsz\u00e1gos Gerinc Klinika Budapest<\/span>\n\t\t\t\t\t\t\t\t  <\/div>\n\t\t\t\t\t\t\t\t<\/div>\n\t\t\t\t\t\t\t  <\/div>\n\t\t\t\t\t\t\t  <\/div>\n\t\t\t\t\t\t\t<\/div>\n\t\t\t\t\t\t\n\t\t\t\t\t\t\t<div class=\"col-md-3 col-sm-3\">\n\t\t\t\t\t\t\t  <div class=\"outer\">\n\t\t\t\t\t\t\t\t<div class=\"thumb\"> <img width=\"410\" height=\"320\" src=\"https:\/\/hattercontroll.hu\/wp-content\/uploads\/2017\/03\/aster-410x320.jpg\" class=\"attachment-410x320 size-410x320 wp-post-image\" alt=\"\" loading=\"lazy\" \/>\n\t\t\t\t\t\t\t\t  <div class=\"caption\">\n\t\t\t\t\t\t\t\t\t<div class=\"inner\">\n\t\t\t\t\t\t\t\t\t  <div class=\"btn-row\"> \n\t\t\t\t\t\t\t\t\t\t<a href=\"https:\/\/hattercontroll.hu\/wp-content\/uploads\/2017\/03\/aster.jpg\" class=\"link\" data-rel=\"prettyPhoto[gallery1]\"><i class=\"fa fa-plus\" aria-hidden=\"true\"><\/i><\/a>\n\t\t\t\t\t\t\t\t\t\t<a href=\"https:\/\/hattercontroll.hu\/de\/projects\/pg\/\" class=\"link\"><i class=\"fa fa-link\" aria-hidden=\"true\"><\/i><\/a> \n\t\t\t\t\t\t\t\t\t  <\/div>\n\t\t\t\t\t\t\t\t\t  <h3><a href=\"https:\/\/hattercontroll.hu\/de\/projects\/pg\/\">P&#038;G<\/a><\/h3>\n\t\t\t\t\t\t\t\t\t  <span><\/span>\n\t\t\t\t\t\t\t\t  <\/div>\n\t\t\t\t\t\t\t\t<\/div>\n\t\t\t\t\t\t\t  <\/div>\n\t\t\t\t\t\t\t  <\/div>\n\t\t\t\t\t\t\t<\/div>\n\t\t\t\t\t\t\n\t\t\t\t\t\t\t<div class=\"col-md-3 col-sm-3\">\n\t\t\t\t\t\t\t  <div class=\"outer\">\n\t\t\t\t\t\t\t\t<div class=\"thumb\"> <img width=\"410\" height=\"320\" src=\"https:\/\/hattercontroll.hu\/wp-content\/uploads\/2017\/03\/136_1_2-410x320.jpg\" class=\"attachment-410x320 size-410x320 wp-post-image\" alt=\"\" loading=\"lazy\" \/>\n\t\t\t\t\t\t\t\t  <div class=\"caption\">\n\t\t\t\t\t\t\t\t\t<div class=\"inner\">\n\t\t\t\t\t\t\t\t\t  <div class=\"btn-row\"> \n\t\t\t\t\t\t\t\t\t\t<a href=\"https:\/\/hattercontroll.hu\/wp-content\/uploads\/2017\/03\/136_1_2.jpg\" class=\"link\" data-rel=\"prettyPhoto[gallery1]\"><i class=\"fa fa-plus\" aria-hidden=\"true\"><\/i><\/a>\n\t\t\t\t\t\t\t\t\t\t<a href=\"https:\/\/hattercontroll.hu\/de\/projects\/pg-2\/\" class=\"link\"><i class=\"fa fa-link\" aria-hidden=\"true\"><\/i><\/a> \n\t\t\t\t\t\t\t\t\t  <\/div>\n\t\t\t\t\t\t\t\t\t  <h3><a href=\"https:\/\/hattercontroll.hu\/de\/projects\/pg-2\/\">P&#038;G<\/a><\/h3>\n\t\t\t\t\t\t\t\t\t  <span><\/span>\n\t\t\t\t\t\t\t\t  <\/div>\n\t\t\t\t\t\t\t\t<\/div>\n\t\t\t\t\t\t\t  <\/div>\n\t\t\t\t\t\t\t  <\/div>\n\t\t\t\t\t\t\t<\/div>\n\t\t\t\t\t\t\n\t\t\t\t\t\t\t<div class=\"col-md-3 col-sm-3\">\n\t\t\t\t\t\t\t  <div class=\"outer\">\n\t\t\t\t\t\t\t\t<div class=\"thumb\"> <img width=\"410\" height=\"320\" src=\"https:\/\/hattercontroll.hu\/wp-content\/uploads\/2017\/03\/rtl-410x320.jpg\" class=\"attachment-410x320 size-410x320 wp-post-image\" alt=\"\" loading=\"lazy\" \/>\n\t\t\t\t\t\t\t\t  <div class=\"caption\">\n\t\t\t\t\t\t\t\t\t<div class=\"inner\">\n\t\t\t\t\t\t\t\t\t  <div class=\"btn-row\"> \n\t\t\t\t\t\t\t\t\t\t<a href=\"https:\/\/hattercontroll.hu\/wp-content\/uploads\/2017\/03\/rtl.jpg\" class=\"link\" data-rel=\"prettyPhoto[gallery1]\"><i class=\"fa fa-plus\" aria-hidden=\"true\"><\/i><\/a>\n\t\t\t\t\t\t\t\t\t\t<a href=\"https:\/\/hattercontroll.hu\/de\/projects\/rtl-klub\/\" class=\"link\"><i class=\"fa fa-link\" aria-hidden=\"true\"><\/i><\/a> \n\t\t\t\t\t\t\t\t\t  <\/div>\n\t\t\t\t\t\t\t\t\t  <h3><a href=\"https:\/\/hattercontroll.hu\/de\/projects\/rtl-klub\/\">RTL Klub<\/a><\/h3>\n\t\t\t\t\t\t\t\t\t  <span>RTL Klub Sz\u00e9kh\u00e1z Budapest<\/span>\n\t\t\t\t\t\t\t\t  <\/div>\n\t\t\t\t\t\t\t\t<\/div>\n\t\t\t\t\t\t\t  <\/div>\n\t\t\t\t\t\t\t  <\/div>\n\t\t\t\t\t\t\t<\/div>\n\t\t\t\t\t\t\n\t\t\t\t\t\t\t<div class=\"col-md-3 col-sm-3\">\n\t\t\t\t\t\t\t  <div class=\"outer\">\n\t\t\t\t\t\t\t\t<div class=\"thumb\"> <img width=\"410\" height=\"273\" src=\"https:\/\/hattercontroll.hu\/wp-content\/uploads\/2017\/03\/topark_01.jpg\" class=\"attachment-410x320 size-410x320 wp-post-image\" alt=\"\" loading=\"lazy\" srcset=\"https:\/\/hattercontroll.hu\/wp-content\/uploads\/2017\/03\/topark_01.jpg 450w, https:\/\/hattercontroll.hu\/wp-content\/uploads\/2017\/03\/topark_01-300x200.jpg 300w\" sizes=\"(max-width: 410px) 100vw, 410px\" \/>\n\t\t\t\t\t\t\t\t  <div class=\"caption\">\n\t\t\t\t\t\t\t\t\t<div class=\"inner\">\n\t\t\t\t\t\t\t\t\t  <div class=\"btn-row\"> \n\t\t\t\t\t\t\t\t\t\t<a href=\"https:\/\/hattercontroll.hu\/wp-content\/uploads\/2017\/03\/topark_01.jpg\" class=\"link\" data-rel=\"prettyPhoto[gallery1]\"><i class=\"fa fa-plus\" aria-hidden=\"true\"><\/i><\/a>\n\t\t\t\t\t\t\t\t\t\t<a href=\"https:\/\/hattercontroll.hu\/de\/projects\/topark\/\" class=\"link\"><i class=\"fa fa-link\" aria-hidden=\"true\"><\/i><\/a> \n\t\t\t\t\t\t\t\t\t  <\/div>\n\t\t\t\t\t\t\t\t\t  <h3><a href=\"https:\/\/hattercontroll.hu\/de\/projects\/topark\/\">T\u00f3park<\/a><\/h3>\n\t\t\t\t\t\t\t\t\t  <span>T\u00f3park Irodapark<\/span>\n\t\t\t\t\t\t\t\t  <\/div>\n\t\t\t\t\t\t\t\t<\/div>\n\t\t\t\t\t\t\t  <\/div>\n\t\t\t\t\t\t\t  <\/div>\n\t\t\t\t\t\t\t<\/div>\n\t\t\t     <\/div>\n\t\t\t\t<\/div>\n\t\t\t   <\/div>\n\t\t\t<\/section>[\/vc_column][\/vc_row][vc_row][vc_column]\r\n\t\t\t\r\n\t\t\t<section class=\"client-section\">\r\n\t\t\t  <div class=\"element-wrap\">\r\n\t\t\t\t<h3><\/h3>\r\n\t\t\t\t<div class=\"holder\">\r\n\t\t\t\t  <ul>\r\n\t\t\t\t\t\t\t\r\n\t\t\t\t\t\t\t<li>\r\n\t\t\t\t\t\t\t\t<a><img src=\"https:\/\/hattercontroll.hu\/wp-content\/uploads\/2017\/03\/logo_07_01.jpg\" alt=\"img\"><\/a>\r\n\t\t\t\t\t\t\t\t<span><img src=\"https:\/\/hattercontroll.hu\/wp-content\/uploads\/2017\/03\/logo_07_02.jpg\" alt=\"img\"><\/span>\r\n\t\t\t\t\t\t\t<\/li>\r\n\t\t\t\t\t\t\t\r\n\t\t\t\t\t\t\t<li>\r\n\t\t\t\t\t\t\t\t<a><img src=\"https:\/\/hattercontroll.hu\/wp-content\/uploads\/2017\/03\/logo_02_01.jpg\" alt=\"img\"><\/a>\r\n\t\t\t\t\t\t\t\t<span><img src=\"https:\/\/hattercontroll.hu\/wp-content\/uploads\/2017\/03\/logo_02_02.jpg\" alt=\"img\"><\/span>\r\n\t\t\t\t\t\t\t<\/li>\r\n\t\t\t\t\t\t\t\r\n\t\t\t\t\t\t\t<li>\r\n\t\t\t\t\t\t\t\t<a><img src=\"https:\/\/hattercontroll.hu\/wp-content\/uploads\/2017\/03\/logo_03_01.jpg\" alt=\"img\"><\/a>\r\n\t\t\t\t\t\t\t\t<span><img src=\"https:\/\/hattercontroll.hu\/wp-content\/uploads\/2017\/03\/logo_03_02.jpg\" alt=\"img\"><\/span>\r\n\t\t\t\t\t\t\t<\/li>\r\n\t\t\t\t\t\t\t\r\n\t\t\t\t\t\t\t<li>\r\n\t\t\t\t\t\t\t\t<a><img src=\"https:\/\/hattercontroll.hu\/wp-content\/uploads\/2017\/03\/logo_04_01.jpg\" alt=\"img\"><\/a>\r\n\t\t\t\t\t\t\t\t<span><img src=\"https:\/\/hattercontroll.hu\/wp-content\/uploads\/2017\/03\/logo_04_02.jpg\" alt=\"img\"><\/span>\r\n\t\t\t\t\t\t\t<\/li>\r\n\t\t\t\t\t\t\t\r\n\t\t\t\t\t\t\t<li>\r\n\t\t\t\t\t\t\t\t<a><img src=\"https:\/\/hattercontroll.hu\/wp-content\/uploads\/2017\/03\/logo_01_01.jpg\" alt=\"img\"><\/a>\r\n\t\t\t\t\t\t\t\t<span><img src=\"https:\/\/hattercontroll.hu\/wp-content\/uploads\/2017\/03\/logo_01_02.jpg\" alt=\"img\"><\/span>\r\n\t\t\t\t\t\t\t<\/li>\r\n\t\t\t\t\t\t\t\r\n\t\t\t\t\t\t\t<li>\r\n\t\t\t\t\t\t\t\t<a><img src=\"https:\/\/hattercontroll.hu\/wp-content\/uploads\/2017\/03\/logo_06_01.jpg\" alt=\"img\"><\/a>\r\n\t\t\t\t\t\t\t\t<span><img src=\"https:\/\/hattercontroll.hu\/wp-content\/uploads\/2017\/03\/logo_06_02.jpg\" alt=\"img\"><\/span>\r\n\t\t\t\t\t\t\t<\/li>\r\n\t\t\t\t<\/ul>\r\n\t\t\t\t<\/div>\r\n\t\t\t  <\/div>\r\n\t\t\t<\/section>[\/vc_column][\/vc_row]","protected":false},"excerpt":{"rendered":"<p>[vc_row][vc_column][\/vc_column][\/vc_row][vc_row][vc_column css_animation=&#8220;none&#8220; width=&#8220;1\/3&#8243;][vc_column_text]Szigor\u00faan \u00fctemezem a feladatokat, ez\u00e1ltal mindenre marad el\u00e9g id\u0151, a folyamat \u00e1tl\u00e1that\u00f3. Az \u00e9p\u00edt\u00e9szeti m\u0171szaki dokument\u00e1ci\u00f3ban le\u00edrt projekt megval\u00f3sul\u00e1s\u00e1t a legmesszemen\u0151bben k\u00e9pviselem \u00e9s fel\u00fcgyelem.[\/vc_column_text][\/vc_column][vc_column css_animation=&#8220;none&#8220; width=&#8220;1\/3&#8243;][vc_column_text]Az \u00e9p\u00edt\u00e9si hat\u00f3s\u00e1gi szab\u00e1lyoz\u00e1s t\u00f6k\u00e9letes ismeret\u00e9vel seg\u00edtem a tervez\u00e9st \u00e9s kivitelez\u00e9st. Az \u00e9n feladatom, hogy a hivatalok szakembereivel, az \u00f6nkorm\u00e1nyzati \u00e9s f\u00f6ldhivatali referensekkel \u00e1lland\u00f3 kapcsolatot tartva a projektet az enged\u00e9lyeztet\u00e9si folyamaton v\u00e9gigvigyem \u00e9s a haszn\u00e1latba v\u00e9telig eljuttassam.[\/vc_column_text][\/vc_column][vc_column css_animation=&#8220;none&#8220; width=&#8220;1\/3&#8243;][vc_column_text] Id\u0151t \u00e9s p\u00e9nzt nyerek megrendel\u0151im sz\u00e1m\u00e1ra. Mert a beruh\u00e1z\u00e1s \u00f6sszetett m\u0171szaki feladatainak professzion\u00e1lis \u00fctemez\u00e9s\u00e9vel rengeteg id\u0151 sp\u00f3rolhat\u00f3. Megrendel\u0151m \u00edgy id\u0151ben veheti birtokba az ingatlant. A hat\u00f3s\u00e1gi hat\u00e1rid\u0151k elmulaszt\u00e1s\u00e1n t\u00e9nyleg sok p\u00e9nz m\u00falhat. Nagyon sok. Ha hi\u00e1nytalan dokument\u00e1ci\u00f3 k\u00eds\u00e9ri v\u00e9gig az \u00e9p\u00edtkez\u00e9st, id\u0151ben k\u00e9sz\u00fcl el a beruh\u00e1z\u00e1s, nincsenek kellemetlen \u00e9s v\u00e1ratlan plusz-k\u00f6lts\u00e9gek. Egy\u00fattal id\u0151ben kezd\u0151dhet a profittermel\u0151 tev\u00e9kenys\u00e9g. [\/vc_column_text][\/vc_column][\/vc_row][vc_row][vc_column][vc_separator color=&#8220;chino&#8220;][\/vc_column][\/vc_row][vc_row css_animation=&#8220;none&#8220; css=&#8220;.vc_custom_1479981037098{margin-top: -45px !important;margin-bottom: 35px !important;}&#8220;][vc_column css_animation=&#8220;none&#8220;][\/vc_column][\/vc_row][vc_row][vc_column][\/vc_column][\/vc_row][vc_row][vc_column][\/vc_column][\/vc_row][vc_row][vc_column][\/vc_column][\/vc_row]<\/p>\n","protected":false},"author":1,"featured_media":0,"parent":0,"menu_order":0,"comment_status":"closed","ping_status":"closed","template":"","meta":[],"_links":{"self":[{"href":"https:\/\/hattercontroll.hu\/de\/wp-json\/wp\/v2\/pages\/765"}],"collection":[{"href":"https:\/\/hattercontroll.hu\/de\/wp-json\/wp\/v2\/pages"}],"about":[{"href":"https:\/\/hattercontroll.hu\/de\/wp-json\/wp\/v2\/types\/page"}],"author":[{"embeddable":true,"href":"https:\/\/hattercontroll.hu\/de\/wp-json\/wp\/v2\/users\/1"}],"replies":[{"embeddable":true,"href":"https:\/\/hattercontroll.hu\/de\/wp-json\/wp\/v2\/comments?post=765"}],"version-history":[{"count":7,"href":"https:\/\/hattercontroll.hu\/de\/wp-json\/wp\/v2\/pages\/765\/revisions"}],"predecessor-version":[{"id":889,"href":"https:\/\/hattercontroll.hu\/de\/wp-json\/wp\/v2\/pages\/765\/revisions\/889"}],"wp:attachment":[{"href":"https:\/\/hattercontroll.hu\/de\/wp-json\/wp\/v2\/media?parent=765"}],"curies":[{"name":"wp","href":"https:\/\/api.w.org\/{rel}","templated":true}]}}