{"id":741,"date":"2018-06-13T00:00:03","date_gmt":"2018-06-13T00:00:03","guid":{"rendered":"http:\/\/kardoszsuzsa.hu\/hattercontroll\/?page_id=741"},"modified":"2018-06-13T14:23:19","modified_gmt":"2018-06-13T14:23:19","slug":"engedelyzetetes","status":"publish","type":"page","link":"https:\/\/hattercontroll.hu\/en\/bemutatkozas\/engedelyzetetes\/","title":{"rendered":"Enged\u00e9lyeztet\u00e9s"},"content":{"rendered":"[vc_row][vc_column width=&#8221;2\/3&#8243;]\n\t\t\t\n\t\t\t\t<section class=\"price-table price-table-style-2 custom_heading_section\">\n\t\t\t\t  <div class=\"container\">\n\t\t\t\t\t<div class=\"heading-style-1\">\n\t\t\t\t\t  <h2>Enged\u00e9lyeztet\u00e9s<\/h2>\n\t\t\t\t\t<\/div>\n\t\t\t\t\t<h3><\/h3>\n\t\t\t\t  <\/div>\n\t\t\t\t<\/section>[vc_column_text]\n<ul>\n<li><a href=\"https:\/\/ugyintezes.magyarorszag.hu\/ugyek\/410001\/420002\/Ingatlannal_kapcsolatos_engedelyek20091202.html?ugy=bonteng.html#topicissue\">Bont\u00e1si enged\u00e9ly<\/a><\/li>\n<li><a href=\"https:\/\/www.e-epites.hu\/lakossagi-tajekoztatok#153\">Bont\u00e1s tudom\u00e1sulv\u00e9teli elj\u00e1r\u00e1s<\/a><\/li>\n<li><a href=\"https:\/\/ugyintezes.magyarorszag.hu\/ugyek\/410001\/420002\/Ingatlannal_kapcsolatos_engedelyek20091202.html?ugy=elviepeng.html#topicissue\">Elvi \u00e9p\u00edt\u00e9si keretenged\u00e9lyez\u00e9s<\/a><\/li>\n<li>Az elvi enged\u00e9ly \u00e9rv\u00e9ny\u00e9nek meghosszabb\u00edt\u00e1sa<\/li>\n<li>El\u0151zetes szakhat\u00f3s\u00e1gi \u00e1ll\u00e1sfoglal\u00e1sok<\/li>\n<li><a href=\"https:\/\/www.rakosmente.hu\/Ugyintezes\/szmsz2013\/Jegyzoi_Iroda\/Epiteshatosagi_Csoport\/Epitesi_engedelyezesi_eljaras.aspx\">\u00c9p\u00edt\u00e9si enged\u00e9lyez\u00e9si elj\u00e1r\u00e1s<\/a><\/li>\n<li><a href=\"https:\/\/www.rakosmente.hu\/Ugyintezes\/szmsz2013\/Jegyzoi_Iroda\/Epiteshatosagi_Csoport\/Fennmaradasi_engedelyezesi_eljaras.aspx\">Fennmarad\u00e1si enged\u00e9lyez\u00e9si elj\u00e1r\u00e1s<\/a><\/li>\n<li><a href=\"https:\/\/www.rakosmente.hu\/Ugyintezes\/szmsz2013\/Jegyzoi_Iroda\/Epiteshatosagi_Csoport\/Hasznalatbaveteli_engedelyezesi_eljaras.aspx\">Haszn\u00e1latbav\u00e9teli enged\u00e9lyez\u00e9si elj\u00e1r\u00e1s<\/a><\/li>\n<li><a href=\"https:\/\/www.rakosmente.hu\/Ugyintezes\/szmsz2013\/jegyzoi_iroda\/epiteshatosagi_csoport\/hasznalatbaveteli_tudomasulveteli_eljaras.aspx\">Haszn\u00e1latbav\u00e9teli tudom\u00e1sulv\u00e9teli elj\u00e1r\u00e1s<\/a><\/li>\n<li><a href=\"https:\/\/www.rakosmente.hu\/Ugyintezes\/szmsz2013\/Jegyzoi_Iroda\/Epiteshatosagi_Csoport\/Hatosagi_bizonyitvany.aspx\">Hat\u00f3s\u00e1gi bizony\u00edtv\u00e1ny<\/a><\/li>\n<li><a href=\"https:\/\/www.rakosmente.hu\/Ugyintezes\/szmsz2013\/Jegyzoi_Iroda\/Epiteshatosagi_Csoport\/Egyszeru_bejelentes.aspx\">Egyszer\u0171 <\/a>bejelent\u00e9s k\u00f6teles, <a href=\"https:\/\/www.e-epites.hu\/lakossagi-tajekoztatok#160\">\u00e9p\u00edt\u00e9si enged\u00e9ly n\u00e9lk\u00fcl v\u00e9gezhet\u0151 \u00e9p\u00edt\u00e9si tev\u00e9kenys\u00e9gek<\/a><\/li>\n<li><a href=\"https:\/\/www.e-epites.hu\/lakossagi-tajekoztatok#154\">Az orsz\u00e1gos \u00e9p\u00edt\u00e9si k\u00f6vetelm\u00e9nyekt\u0151l val\u00f3 elt\u00e9r\u00e9s enged\u00e9lyez\u00e9si elj\u00e1r\u00e1s<\/a><\/li>\n<li><a href=\"https:\/\/www.e-epites.hu\/lakossagi-tajekoztatok#152\">Az \u00e9p\u00edt\u00e9s\u00fcgyi hat\u00f3s\u00e1gi enged\u00e9lyez\u00e9si elj\u00e1r\u00e1s elektronikus megind\u00edt\u00e1s<\/a>a<\/li>\n<li><a href=\"https:\/\/www.e-epites.hu\/kozmuvek\">K\u00f6zm\u0171<\/a> \u00fcgyint\u00e9z\u00e9sek (v\u00edz, g\u00e1z, t\u00e1vh\u0151, \u00e1ram, internet, k\u00e9m\u00e9nysepr\u0151, stb)<\/li>\n<li>A k\u00f6rnyezeti hat\u00e1svizsg\u00e1lathoz k\u00f6t\u00f6tt tev\u00e9kenys\u00e9g folytat\u00e1s\u00e1ra szolg\u00e1l\u00f3 \u00e9p\u00edtm\u00e9ny eset\u00e9n a k\u00f6rnyezetv\u00e9delmi enged\u00e9ly<\/li>\n<li><a href=\"https:\/\/cegonline.com\/index.php?module=search&amp;action=search&amp;keyword_type=service&amp;keyword=V%EDzjogi+l%E9tes%EDt%E9si+enged%E9ly\">V\u00edzjogi l\u00e9tes\u00edt\u00e9si \u00e9s \u00fczemeltet\u00e9si enged\u00e9ly<\/a>,<\/li>\n<li>Szennyv\u00edz kibocs\u00e1t\u00e1si enged\u00e9ly<\/li>\n<li>Pontforr\u00e1s enged\u00e9ly<\/li>\n<li>K\u00f6rnyezetv\u00e9delmi bevall\u00e1sok beny\u00fajt\u00e1sa \u00fczemeltet\u00e9si id\u0151szakban<\/li>\n<li><a href=\"https:\/\/cegonline.com\/index.php?module=search&amp;action=search&amp;keyword_type=service&amp;keyword=M%FBszaki+%E1tad%E1s-%E1tv%E9teli+elj%E1r%E1s\">M\u0171szaki \u00e1tad\u00e1s-\u00e1tv\u00e9teli elj\u00e1r\u00e1s<\/a>, \u00e1tv\u00e9teli dokument\u00e1ci\u00f3 ellen\u0151rz\u00e9se<\/li>\n<li>A rendeltet\u00e9s megv\u00e1ltoztat\u00e1s\u00e1ra ir\u00e1nyul\u00f3 enged\u00e9ly.<\/li>\n<li>Telep\u00fcl\u00e9sk\u00e9pi bejelent\u00e9si elj\u00e1r\u00e1s<\/li>\n<li><a href=\"https:\/\/cegonline.com\/index.php?module=search&amp;action=search&amp;keyword_type=service&amp;keyword=%DAt%E9p%EDt%E9si+enged%E9ly\">\u00dat\u00e9p\u00edt\u00e9si enged\u00e9ly<\/a>, <a href=\"https:\/\/cegonline.com\/index.php?module=search&amp;action=search&amp;keyword_type=service&amp;keyword=Forgalombahelyez%E9si+enged%E9ly\">Forgalomba-helyez\u00e9si enged\u00e9ly<\/a>, Parkol\u00f3, j\u00e1rda enged\u00e9lyek<\/li>\n<\/ul>\n[\/vc_column_text][\/vc_column][vc_column width=&#8221;1\/3&#8243;][\/vc_column][\/vc_row][vc_row][vc_column][\/vc_column][\/vc_row]","protected":false},"excerpt":{"rendered":"<p>[vc_row][vc_column width=&#8221;2\/3&#8243;][vc_column_text] Bont\u00e1si enged\u00e9ly Bont\u00e1s tudom\u00e1sulv\u00e9teli elj\u00e1r\u00e1s Elvi \u00e9p\u00edt\u00e9si keretenged\u00e9lyez\u00e9s Az elvi enged\u00e9ly \u00e9rv\u00e9ny\u00e9nek meghosszabb\u00edt\u00e1sa El\u0151zetes szakhat\u00f3s\u00e1gi \u00e1ll\u00e1sfoglal\u00e1sok \u00c9p\u00edt\u00e9si enged\u00e9lyez\u00e9si elj\u00e1r\u00e1s Fennmarad\u00e1si enged\u00e9lyez\u00e9si elj\u00e1r\u00e1s Haszn\u00e1latbav\u00e9teli enged\u00e9lyez\u00e9si elj\u00e1r\u00e1s Haszn\u00e1latbav\u00e9teli tudom\u00e1sulv\u00e9teli elj\u00e1r\u00e1s Hat\u00f3s\u00e1gi bizony\u00edtv\u00e1ny Egyszer\u0171 bejelent\u00e9s k\u00f6teles, \u00e9p\u00edt\u00e9si enged\u00e9ly n\u00e9lk\u00fcl v\u00e9gezhet\u0151 \u00e9p\u00edt\u00e9si tev\u00e9kenys\u00e9gek Az orsz\u00e1gos \u00e9p\u00edt\u00e9si k\u00f6vetelm\u00e9nyekt\u0151l val\u00f3 elt\u00e9r\u00e9s enged\u00e9lyez\u00e9si elj\u00e1r\u00e1s Az \u00e9p\u00edt\u00e9s\u00fcgyi hat\u00f3s\u00e1gi enged\u00e9lyez\u00e9si elj\u00e1r\u00e1s elektronikus megind\u00edt\u00e1sa K\u00f6zm\u0171 \u00fcgyint\u00e9z\u00e9sek (v\u00edz, g\u00e1z, t\u00e1vh\u0151, \u00e1ram, internet, k\u00e9m\u00e9nysepr\u0151, stb) A k\u00f6rnyezeti hat\u00e1svizsg\u00e1lathoz k\u00f6t\u00f6tt tev\u00e9kenys\u00e9g folytat\u00e1s\u00e1ra szolg\u00e1l\u00f3 \u00e9p\u00edtm\u00e9ny eset\u00e9n a k\u00f6rnyezetv\u00e9delmi enged\u00e9ly V\u00edzjogi l\u00e9tes\u00edt\u00e9si \u00e9s \u00fczemeltet\u00e9si enged\u00e9ly, Szennyv\u00edz kibocs\u00e1t\u00e1si enged\u00e9ly Pontforr\u00e1s enged\u00e9ly K\u00f6rnyezetv\u00e9delmi bevall\u00e1sok beny\u00fajt\u00e1sa \u00fczemeltet\u00e9si id\u0151szakban M\u0171szaki \u00e1tad\u00e1s-\u00e1tv\u00e9teli elj\u00e1r\u00e1s, \u00e1tv\u00e9teli dokument\u00e1ci\u00f3 ellen\u0151rz\u00e9se A rendeltet\u00e9s megv\u00e1ltoztat\u00e1s\u00e1ra ir\u00e1nyul\u00f3 enged\u00e9ly. Telep\u00fcl\u00e9sk\u00e9pi bejelent\u00e9si elj\u00e1r\u00e1s \u00dat\u00e9p\u00edt\u00e9si enged\u00e9ly, Forgalomba-helyez\u00e9si enged\u00e9ly, Parkol\u00f3, j\u00e1rda enged\u00e9lyek [\/vc_column_text][\/vc_column][vc_column width=&#8221;1\/3&#8243;][\/vc_column][\/vc_row][vc_row][vc_column][\/vc_column][\/vc_row]<\/p>\n","protected":false},"author":1,"featured_media":0,"parent":743,"menu_order":0,"comment_status":"closed","ping_status":"closed","template":"","meta":[],"_links":{"self":[{"href":"https:\/\/hattercontroll.hu\/en\/wp-json\/wp\/v2\/pages\/741"}],"collection":[{"href":"https:\/\/hattercontroll.hu\/en\/wp-json\/wp\/v2\/pages"}],"about":[{"href":"https:\/\/hattercontroll.hu\/en\/wp-json\/wp\/v2\/types\/page"}],"author":[{"embeddable":true,"href":"https:\/\/hattercontroll.hu\/en\/wp-json\/wp\/v2\/users\/1"}],"replies":[{"embeddable":true,"href":"https:\/\/hattercontroll.hu\/en\/wp-json\/wp\/v2\/comments?post=741"}],"version-history":[{"count":8,"href":"https:\/\/hattercontroll.hu\/en\/wp-json\/wp\/v2\/pages\/741\/revisions"}],"predecessor-version":[{"id":887,"href":"https:\/\/hattercontroll.hu\/en\/wp-json\/wp\/v2\/pages\/741\/revisions\/887"}],"up":[{"embeddable":true,"href":"https:\/\/hattercontroll.hu\/en\/wp-json\/wp\/v2\/pages\/743"}],"wp:attachment":[{"href":"https:\/\/hattercontroll.hu\/en\/wp-json\/wp\/v2\/media?parent=741"}],"curies":[{"name":"wp","href":"https:\/\/api.w.org\/{rel}","templated":true}]}}