{"id":743,"date":"2017-03-29T18:03:16","date_gmt":"2017-03-29T18:03:16","guid":{"rendered":"http:\/\/kardoszsuzsa.hu\/hattercontroll\/?page_id=743"},"modified":"2018-06-20T13:46:38","modified_gmt":"2018-06-20T13:46:38","slug":"bemutatkozas","status":"publish","type":"page","link":"https:\/\/hattercontroll.hu\/en\/bemutatkozas\/","title":{"rendered":"Bemutatkoz\u00e1s"},"content":{"rendered":"[vc_row][vc_column]\n\t\t\t\n\t\t\t\t<section class=\"price-table price-table-style-2 custom_heading_section\">\n\t\t\t\t  <div class=\"container\">\n\t\t\t\t\t<div class=\"heading-style-1\">\n\t\t\t\t\t  <h2>Ezek<b> vagyunk mi<\/b><\/h2>\n\t\t\t\t\t<\/div>\n\t\t\t\t\t<h3><\/h3>\n\t\t\t\t  <\/div>\n\t\t\t\t<\/section>[\/vc_column][\/vc_row][vc_row][vc_column css_animation=&#8221;none&#8221; width=&#8221;1\/3&#8243;][vc_column_text]\n<h3><strong>Szigor\u00faan \u00fctemezem a feladatokat, ez\u00e1ltal mindenre marad el\u00e9g id\u0151, a folyamat \u00e1tl\u00e1that\u00f3. <\/strong><\/h3>\n<p>Az \u00e9p\u00edt\u00e9szeti m\u0171szaki dokument\u00e1ci\u00f3ban le\u00edrt projekt megval\u00f3sul\u00e1s\u00e1t a legmesszemen\u0151bben k\u00e9pviselem \u00e9s fel\u00fcgyelem.[\/vc_column_text][\/vc_column][vc_column css_animation=&#8221;none&#8221; width=&#8221;1\/3&#8243;][vc_column_text]\n<h3><strong>Az \u00e9p\u00edt\u00e9si hat\u00f3s\u00e1gi szab\u00e1lyoz\u00e1s t\u00f6k\u00e9letes ismeret\u00e9vel seg\u00edtem a tervez\u00e9st \u00e9s kivitelez\u00e9st.<\/strong><\/h3>\n<p>Az \u00e9n feladatom, hogy a hivatalok szakembereivel, az \u00f6nkorm\u00e1nyzati \u00e9s f\u00f6ldhivatali referensekkel \u00e1lland\u00f3 kapcsolatot tartva a projektet az enged\u00e9lyeztet\u00e9si folyamaton v\u00e9gigvigyem \u00e9s a haszn\u00e1latba v\u00e9telig eljuttassam.[\/vc_column_text][\/vc_column][vc_column css_animation=&#8221;none&#8221; width=&#8221;1\/3&#8243;][vc_column_text]\n<h3 style=\"text-align: left;\"><strong>Id\u0151t \u00e9s p\u00e9nzt nyerek megrendel\u0151im sz\u00e1m\u00e1ra. <\/strong><\/h3>\n<p style=\"text-align: left;\">Mert a beruh\u00e1z\u00e1s \u00f6sszetett m\u0171szaki feladatainak professzion\u00e1lis \u00fctemez\u00e9s\u00e9vel rengeteg id\u0151 sp\u00f3rolhat\u00f3. Megrendel\u0151m \u00edgy id\u0151ben veheti birtokba az ingatlant. A hat\u00f3s\u00e1gi hat\u00e1rid\u0151k elmulaszt\u00e1s\u00e1n t\u00e9nyleg sok p\u00e9nz m\u00falhat. Nagyon sok. Ha hi\u00e1nytalan dokument\u00e1ci\u00f3 k\u00eds\u00e9ri v\u00e9gig az \u00e9p\u00edtkez\u00e9st, id\u0151ben k\u00e9sz\u00fcl el a beruh\u00e1z\u00e1s, nincsenek kellemetlen \u00e9s v\u00e1ratlan plusz-k\u00f6lts\u00e9gek. Egy\u00fattal id\u0151ben kezd\u0151dhet a profittermel\u0151 tev\u00e9kenys\u00e9g.<\/p>\n[\/vc_column_text][\/vc_column][\/vc_row][vc_row][vc_column][vc_separator color=&#8221;chino&#8221;][\/vc_column][\/vc_row][vc_row css=&#8221;.vc_custom_1490815437496{margin-bottom: 0px !important;border-bottom-width: 0px !important;padding-bottom: 0px !important;}&#8221;][vc_column]\n\t\t\t\n\t\t\t\t<section class=\"price-table price-table-style-2 custom_heading_section\">\n\t\t\t\t  <div class=\"container\">\n\t\t\t\t\t<div class=\"heading-style-1\">\n\t\t\t\t\t  <h2>Referenci\u00e1ink<\/h2>\n\t\t\t\t\t<\/div>\n\t\t\t\t\t<h3>A teljess\u00e9g ig\u00e9nye n\u00e9lk\u00fcl<\/h3>\n\t\t\t\t  <\/div>\n\t\t\t\t<\/section>[\/vc_column][\/vc_row][vc_row][vc_column]\r\n\t\t\t\r\n\t\t\t<section class=\"client-section\">\r\n\t\t\t  <div class=\"element-wrap\">\r\n\t\t\t\t<h3><\/h3>\r\n\t\t\t\t<div class=\"holder\">\r\n\t\t\t\t  <ul>\r\n\t\t\t\t\t\t\t\r\n\t\t\t\t\t\t\t<li>\r\n\t\t\t\t\t\t\t\t<a><img src=\"https:\/\/hattercontroll.hu\/wp-content\/uploads\/2017\/03\/logo_07_01.jpg\" alt=\"img\"><\/a>\r\n\t\t\t\t\t\t\t\t<span><img src=\"https:\/\/hattercontroll.hu\/wp-content\/uploads\/2017\/03\/logo_07_02.jpg\" alt=\"img\"><\/span>\r\n\t\t\t\t\t\t\t<\/li>\r\n\t\t\t\t\t\t\t\r\n\t\t\t\t\t\t\t<li>\r\n\t\t\t\t\t\t\t\t<a><img src=\"https:\/\/hattercontroll.hu\/wp-content\/uploads\/2017\/03\/logo_02_01.jpg\" alt=\"img\"><\/a>\r\n\t\t\t\t\t\t\t\t<span><img src=\"https:\/\/hattercontroll.hu\/wp-content\/uploads\/2017\/03\/logo_02_02.jpg\" alt=\"img\"><\/span>\r\n\t\t\t\t\t\t\t<\/li>\r\n\t\t\t\t\t\t\t\r\n\t\t\t\t\t\t\t<li>\r\n\t\t\t\t\t\t\t\t<a><img src=\"https:\/\/hattercontroll.hu\/wp-content\/uploads\/2017\/03\/logo_03_01.jpg\" alt=\"img\"><\/a>\r\n\t\t\t\t\t\t\t\t<span><img src=\"https:\/\/hattercontroll.hu\/wp-content\/uploads\/2017\/03\/logo_03_02.jpg\" alt=\"img\"><\/span>\r\n\t\t\t\t\t\t\t<\/li>\r\n\t\t\t\t\t\t\t\r\n\t\t\t\t\t\t\t<li>\r\n\t\t\t\t\t\t\t\t<a><img src=\"https:\/\/hattercontroll.hu\/wp-content\/uploads\/2017\/03\/logo_04_01.jpg\" alt=\"img\"><\/a>\r\n\t\t\t\t\t\t\t\t<span><img src=\"https:\/\/hattercontroll.hu\/wp-content\/uploads\/2017\/03\/logo_04_02.jpg\" alt=\"img\"><\/span>\r\n\t\t\t\t\t\t\t<\/li>\r\n\t\t\t\t\t\t\t\r\n\t\t\t\t\t\t\t<li>\r\n\t\t\t\t\t\t\t\t<a><img src=\"https:\/\/hattercontroll.hu\/wp-content\/uploads\/2017\/03\/logo_01_01.jpg\" alt=\"img\"><\/a>\r\n\t\t\t\t\t\t\t\t<span><img src=\"https:\/\/hattercontroll.hu\/wp-content\/uploads\/2017\/03\/logo_01_02.jpg\" alt=\"img\"><\/span>\r\n\t\t\t\t\t\t\t<\/li>\r\n\t\t\t\t\t\t\t\r\n\t\t\t\t\t\t\t<li>\r\n\t\t\t\t\t\t\t\t<a><img src=\"https:\/\/hattercontroll.hu\/wp-content\/uploads\/2017\/03\/logo_06_01.jpg\" alt=\"img\"><\/a>\r\n\t\t\t\t\t\t\t\t<span><img src=\"https:\/\/hattercontroll.hu\/wp-content\/uploads\/2017\/03\/logo_06_02.jpg\" alt=\"img\"><\/span>\r\n\t\t\t\t\t\t\t<\/li>\r\n\t\t\t\t<\/ul>\r\n\t\t\t\t<\/div>\r\n\t\t\t  <\/div>\r\n\t\t\t<\/section>[\/vc_column][\/vc_row]","protected":false},"excerpt":{"rendered":"<p>[vc_row][vc_column][\/vc_column][\/vc_row][vc_row][vc_column css_animation=&#8221;none&#8221; width=&#8221;1\/3&#8243;][vc_column_text] Szigor\u00faan \u00fctemezem a feladatokat, ez\u00e1ltal mindenre marad el\u00e9g id\u0151, a folyamat \u00e1tl\u00e1that\u00f3. Az \u00e9p\u00edt\u00e9szeti m\u0171szaki dokument\u00e1ci\u00f3ban le\u00edrt projekt megval\u00f3sul\u00e1s\u00e1t a legmesszemen\u0151bben k\u00e9pviselem \u00e9s fel\u00fcgyelem.[\/vc_column_text][\/vc_column][vc_column css_animation=&#8221;none&#8221; width=&#8221;1\/3&#8243;][vc_column_text] Az \u00e9p\u00edt\u00e9si hat\u00f3s\u00e1gi szab\u00e1lyoz\u00e1s t\u00f6k\u00e9letes ismeret\u00e9vel seg\u00edtem a tervez\u00e9st \u00e9s kivitelez\u00e9st. Az \u00e9n feladatom, hogy a hivatalok szakembereivel, az \u00f6nkorm\u00e1nyzati \u00e9s f\u00f6ldhivatali referensekkel \u00e1lland\u00f3 kapcsolatot tartva a projektet az enged\u00e9lyeztet\u00e9si folyamaton v\u00e9gigvigyem \u00e9s a haszn\u00e1latba v\u00e9telig eljuttassam.[\/vc_column_text][\/vc_column][vc_column css_animation=&#8221;none&#8221; width=&#8221;1\/3&#8243;][vc_column_text] Id\u0151t \u00e9s p\u00e9nzt nyerek megrendel\u0151im sz\u00e1m\u00e1ra. Mert a beruh\u00e1z\u00e1s \u00f6sszetett m\u0171szaki feladatainak professzion\u00e1lis \u00fctemez\u00e9s\u00e9vel rengeteg id\u0151 sp\u00f3rolhat\u00f3. Megrendel\u0151m \u00edgy id\u0151ben veheti birtokba az ingatlant. A hat\u00f3s\u00e1gi hat\u00e1rid\u0151k elmulaszt\u00e1s\u00e1n t\u00e9nyleg sok p\u00e9nz m\u00falhat. Nagyon sok. Ha hi\u00e1nytalan dokument\u00e1ci\u00f3 k\u00eds\u00e9ri v\u00e9gig az \u00e9p\u00edtkez\u00e9st, id\u0151ben k\u00e9sz\u00fcl el a beruh\u00e1z\u00e1s, nincsenek kellemetlen \u00e9s v\u00e1ratlan plusz-k\u00f6lts\u00e9gek. Egy\u00fattal id\u0151ben kezd\u0151dhet a profittermel\u0151 tev\u00e9kenys\u00e9g. [\/vc_column_text][\/vc_column][\/vc_row][vc_row][vc_column][vc_separator color=&#8221;chino&#8221;][\/vc_column][\/vc_row][vc_row css=&#8221;.vc_custom_1490815437496{margin-bottom: 0px !important;border-bottom-width: 0px !important;padding-bottom: 0px !important;}&#8221;][vc_column][\/vc_column][\/vc_row][vc_row][vc_column][\/vc_column][\/vc_row]<\/p>\n","protected":false},"author":1,"featured_media":0,"parent":0,"menu_order":0,"comment_status":"closed","ping_status":"closed","template":"","meta":[],"_links":{"self":[{"href":"https:\/\/hattercontroll.hu\/en\/wp-json\/wp\/v2\/pages\/743"}],"collection":[{"href":"https:\/\/hattercontroll.hu\/en\/wp-json\/wp\/v2\/pages"}],"about":[{"href":"https:\/\/hattercontroll.hu\/en\/wp-json\/wp\/v2\/types\/page"}],"author":[{"embeddable":true,"href":"https:\/\/hattercontroll.hu\/en\/wp-json\/wp\/v2\/users\/1"}],"replies":[{"embeddable":true,"href":"https:\/\/hattercontroll.hu\/en\/wp-json\/wp\/v2\/comments?post=743"}],"version-history":[{"count":11,"href":"https:\/\/hattercontroll.hu\/en\/wp-json\/wp\/v2\/pages\/743\/revisions"}],"predecessor-version":[{"id":893,"href":"https:\/\/hattercontroll.hu\/en\/wp-json\/wp\/v2\/pages\/743\/revisions\/893"}],"wp:attachment":[{"href":"https:\/\/hattercontroll.hu\/en\/wp-json\/wp\/v2\/media?parent=743"}],"curies":[{"name":"wp","href":"https:\/\/api.w.org\/{rel}","templated":true}]}}